{"id":4925,"date":"2023-08-10T17:44:49","date_gmt":"2023-08-10T17:44:49","guid":{"rendered":"https:\/\/test.chancenkarte.com\/?page_id=4925"},"modified":"2024-09-16T12:18:21","modified_gmt":"2024-09-16T12:18:21","slug":"haberler","status":"publish","type":"page","link":"https:\/\/test.chancenkarte.com\/tr\/haberler\/","title":{"rendered":"Haberler"},"content":{"rendered":"\t\t<div data-elementor-type=\"wp-page\" data-elementor-id=\"4925\" class=\"elementor elementor-4925\" data-elementor-post-type=\"page\">\n\t\t\t\t\t\t<section data-dce-background-color=\"#FFFFFF\" data-dce-background-overlay-color=\"#000000\" data-dce-background-image-url=\"https:\/\/test.chancenkarte.com\/wp-content\/uploads\/2023\/03\/News-Banner-Image-scaled.jpg\" class=\"elementor-section elementor-top-section elementor-element elementor-element-40392a65 elementor-section-height-min-height elementor-section-items-top elementor-section-boxed elementor-section-height-default\" data-id=\"40392a65\" data-element_type=\"section\" data-settings=\"{&quot;background_background&quot;:&quot;classic&quot;}\">\n\t\t\t\t\t\t\t<div class=\"elementor-background-overlay\"><\/div>\n\t\t\t\t\t\t\t<div class=\"elementor-container elementor-column-gap-default\">\n\t\t\t\t\t<div class=\"elementor-column elementor-col-100 elementor-top-column elementor-element elementor-element-655ef1c2\" data-id=\"655ef1c2\" data-element_type=\"column\">\n\t\t\t<div class=\"elementor-widget-wrap elementor-element-populated\">\n\t\t\t\t\t\t<div class=\"elementor-element elementor-element-5ec6f052 elementor-widget elementor-widget-spacer\" data-id=\"5ec6f052\" data-element_type=\"widget\" data-widget_type=\"spacer.default\">\n\t\t\t\t<div class=\"elementor-widget-container\">\n\t\t\t<style>\/*! elementor - v3.21.0 - 22-05-2024 *\/\n.elementor-column .elementor-spacer-inner{height:var(--spacer-size)}.e-con{--container-widget-width:100%}.e-con-inner>.elementor-widget-spacer,.e-con>.elementor-widget-spacer{width:var(--container-widget-width,var(--spacer-size));--align-self:var(--container-widget-align-self,initial);--flex-shrink:0}.e-con-inner>.elementor-widget-spacer>.elementor-widget-container,.e-con>.elementor-widget-spacer>.elementor-widget-container{height:100%;width:100%}.e-con-inner>.elementor-widget-spacer>.elementor-widget-container>.elementor-spacer,.e-con>.elementor-widget-spacer>.elementor-widget-container>.elementor-spacer{height:100%}.e-con-inner>.elementor-widget-spacer>.elementor-widget-container>.elementor-spacer>.elementor-spacer-inner,.e-con>.elementor-widget-spacer>.elementor-widget-container>.elementor-spacer>.elementor-spacer-inner{height:var(--container-widget-height,var(--spacer-size))}.e-con-inner>.elementor-widget-spacer.elementor-widget-empty,.e-con>.elementor-widget-spacer.elementor-widget-empty{position:relative;min-height:22px;min-width:22px}.e-con-inner>.elementor-widget-spacer.elementor-widget-empty .elementor-widget-empty-icon,.e-con>.elementor-widget-spacer.elementor-widget-empty .elementor-widget-empty-icon{position:absolute;top:0;bottom:0;left:0;right:0;margin:auto;padding:0;width:22px;height:22px}<\/style>\t\t<div class=\"elementor-spacer\">\n\t\t\t<div class=\"elementor-spacer-inner\"><\/div>\n\t\t<\/div>\n\t\t\t\t<\/div>\n\t\t\t\t<\/div>\n\t\t\t\t<div class=\"elementor-element elementor-element-5b28782b elementor-widget elementor-widget-heading\" data-id=\"5b28782b\" data-element_type=\"widget\" data-widget_type=\"heading.default\">\n\t\t\t\t<div class=\"elementor-widget-container\">\n\t\t\t<style>\/*! elementor - v3.21.0 - 22-05-2024 *\/\n.elementor-heading-title{padding:0;margin:0;line-height:1}.elementor-widget-heading .elementor-heading-title[class*=elementor-size-]>a{color:inherit;font-size:inherit;line-height:inherit}.elementor-widget-heading .elementor-heading-title.elementor-size-small{font-size:15px}.elementor-widget-heading .elementor-heading-title.elementor-size-medium{font-size:19px}.elementor-widget-heading .elementor-heading-title.elementor-size-large{font-size:29px}.elementor-widget-heading .elementor-heading-title.elementor-size-xl{font-size:39px}.elementor-widget-heading .elementor-heading-title.elementor-size-xxl{font-size:59px}<\/style><h1 class=\"elementor-heading-title elementor-size-default\">Haberler<\/h1>\t\t<\/div>\n\t\t\t\t<\/div>\n\t\t\t\t<div class=\"elementor-element elementor-element-e97f6e elementor-widget elementor-widget-spacer\" data-id=\"e97f6e\" data-element_type=\"widget\" data-widget_type=\"spacer.default\">\n\t\t\t\t<div class=\"elementor-widget-container\">\n\t\t\t\t\t<div class=\"elementor-spacer\">\n\t\t\t<div class=\"elementor-spacer-inner\"><\/div>\n\t\t<\/div>\n\t\t\t\t<\/div>\n\t\t\t\t<\/div>\n\t\t\t\t<div class=\"elementor-element elementor-element-48ef74a elementor-widget elementor-widget-text-editor\" data-id=\"48ef74a\" data-element_type=\"widget\" data-widget_type=\"text-editor.default\">\n\t\t\t\t<div class=\"elementor-widget-container\">\n\t\t\t<style>\/*! elementor - v3.21.0 - 22-05-2024 *\/\n.elementor-widget-text-editor.elementor-drop-cap-view-stacked .elementor-drop-cap{background-color:#69727d;color:#fff}.elementor-widget-text-editor.elementor-drop-cap-view-framed .elementor-drop-cap{color:#69727d;border:3px solid;background-color:transparent}.elementor-widget-text-editor:not(.elementor-drop-cap-view-default) .elementor-drop-cap{margin-top:8px}.elementor-widget-text-editor:not(.elementor-drop-cap-view-default) .elementor-drop-cap-letter{width:1em;height:1em}.elementor-widget-text-editor .elementor-drop-cap{float:left;text-align:center;line-height:1;font-size:50px}.elementor-widget-text-editor .elementor-drop-cap-letter{display:inline-block}<\/style>\t\t\t\t<p>F\u0131rsat kart\u0131yla ilgili en son haberleri \u00f6\u011frenin<\/p>\t\t\t\t\t\t<\/div>\n\t\t\t\t<\/div>\n\t\t\t\t<div data-dce-background-color=\"#0D83D8\" class=\"elementor-element elementor-element-c5da7c6 elementor-align-center elementor-widget elementor-widget-button\" data-id=\"c5da7c6\" data-element_type=\"widget\" data-widget_type=\"button.default\">\n\t\t\t\t<div class=\"elementor-widget-container\">\n\t\t\t\t\t<div class=\"elementor-button-wrapper\">\n\t\t\t<a class=\"elementor-button elementor-button-link elementor-size-sm\" href=\"#newsletter\">\n\t\t\t\t\t\t<span class=\"elementor-button-content-wrapper\">\n\t\t\t\t\t\t\t\t\t<span class=\"elementor-button-text\">Coming soon: Chancenkarte Jobs!<\/span>\n\t\t\t\t\t<\/span>\n\t\t\t\t\t<\/a>\n\t\t<\/div>\n\t\t\t\t<\/div>\n\t\t\t\t<\/div>\n\t\t\t\t\t<\/div>\n\t\t<\/div>\n\t\t\t\t\t<\/div>\n\t\t<\/section>\n\t\t\t\t<section class=\"elementor-section elementor-top-section elementor-element elementor-element-458342bb elementor-section-boxed elementor-section-height-default elementor-section-height-default\" data-id=\"458342bb\" data-element_type=\"section\">\n\t\t\t\t\t\t<div class=\"elementor-container elementor-column-gap-default\">\n\t\t\t\t\t<div class=\"elementor-column elementor-col-100 elementor-top-column elementor-element elementor-element-3eee97fd\" data-id=\"3eee97fd\" data-element_type=\"column\">\n\t\t\t<div class=\"elementor-widget-wrap elementor-element-populated\">\n\t\t\t\t\t\t<section class=\"elementor-section elementor-inner-section elementor-element elementor-element-336ecc68 elementor-section-boxed elementor-section-height-default elementor-section-height-default\" data-id=\"336ecc68\" data-element_type=\"section\">\n\t\t\t\t\t\t<div class=\"elementor-container elementor-column-gap-default\">\n\t\t\t\t\t<div class=\"elementor-column elementor-col-100 elementor-inner-column elementor-element elementor-element-31e9984\" data-id=\"31e9984\" data-element_type=\"column\">\n\t\t\t<div class=\"elementor-widget-wrap elementor-element-populated\">\n\t\t\t\t\t\t<div class=\"elementor-element elementor-element-ee843ea elementor-grid-1 elementor-posts--thumbnail-right elementor-grid-tablet-2 elementor-grid-mobile-1 elementor-widget elementor-widget-posts\" data-id=\"ee843ea\" data-element_type=\"widget\" data-settings=\"{&quot;classic_columns&quot;:&quot;1&quot;,&quot;classic_columns_tablet&quot;:&quot;2&quot;,&quot;classic_columns_mobile&quot;:&quot;1&quot;,&quot;classic_row_gap&quot;:{&quot;unit&quot;:&quot;px&quot;,&quot;size&quot;:35,&quot;sizes&quot;:[]},&quot;classic_row_gap_tablet&quot;:{&quot;unit&quot;:&quot;px&quot;,&quot;size&quot;:&quot;&quot;,&quot;sizes&quot;:[]},&quot;classic_row_gap_mobile&quot;:{&quot;unit&quot;:&quot;px&quot;,&quot;size&quot;:&quot;&quot;,&quot;sizes&quot;:[]}}\" data-widget_type=\"posts.classic\">\n\t\t\t\t<div class=\"elementor-widget-container\">\n\t\t\t<link rel=\"stylesheet\" href=\"https:\/\/test.chancenkarte.com\/wp-content\/plugins\/elementor-pro\/assets\/css\/widget-posts.min.css\">\t\t<div class=\"elementor-posts-container elementor-posts elementor-posts--skin-classic elementor-grid\">\n\t\t\t\t<article class=\"elementor-post elementor-grid-item post-4932 post type-post status-publish format-standard has-post-thumbnail hentry category-unkategorisiert\">\n\t\t\t\t<a class=\"elementor-post__thumbnail__link\" href=\"https:\/\/test.chancenkarte.com\/tr\/news\/tanima-ortakligi-yoluyla-goec\/\" tabindex=\"-1\" >\n\t\t\t<div class=\"elementor-post__thumbnail\"><img fetchpriority=\"high\" decoding=\"async\" width=\"1024\" height=\"576\" src=\"https:\/\/test.chancenkarte.com\/wp-content\/uploads\/2023\/03\/pexels-fauxels-3184420-1024x576.jpg\" class=\"attachment-large size-large wp-image-4934\" alt=\"\" srcset=\"https:\/\/test.chancenkarte.com\/wp-content\/uploads\/2023\/03\/pexels-fauxels-3184420-1024x576.jpg 1024w, https:\/\/test.chancenkarte.com\/wp-content\/uploads\/2023\/03\/pexels-fauxels-3184420-300x169.jpg 300w, https:\/\/test.chancenkarte.com\/wp-content\/uploads\/2023\/03\/pexels-fauxels-3184420-768x432.jpg 768w, https:\/\/test.chancenkarte.com\/wp-content\/uploads\/2023\/03\/pexels-fauxels-3184420-1536x864.jpg 1536w, https:\/\/test.chancenkarte.com\/wp-content\/uploads\/2023\/03\/pexels-fauxels-3184420-2048x1152.jpg 2048w\" sizes=\"(max-width: 1024px) 100vw, 1024px\" \/><\/div>\n\t\t<\/a>\n\t\t\t\t<div class=\"elementor-post__text\">\n\t\t\t\t<h2 class=\"elementor-post__title\">\n\t\t\t<a href=\"https:\/\/test.chancenkarte.com\/tr\/news\/tanima-ortakligi-yoluyla-goec\/\" >\n\t\t\t\tTan\u0131ma ortakl\u0131\u011f\u0131 yoluyla g\u00f6\u00e7\t\t\t<\/a>\n\t\t<\/h2>\n\t\t\t\t<div class=\"elementor-post__meta-data\">\n\t\t\t\t\t<span class=\"elementor-post-date\">\n\t\t\t1. Mart 2023\t\t<\/span>\n\t\t\t\t<\/div>\n\t\t\t\t<div class=\"elementor-post__excerpt\">\n\t\t\t<p>Tan\u0131nma Ortakl\u0131\u011f\u0131 Nedir? AB-d\u0131\u015f\u0131 \u00fclkelerden gelen yabanc\u0131 uzmanlar, Tan\u0131nma Ortakl\u0131\u011f\u0131 ile Almanya&#8217;ya gelip burada \u00e7al\u0131\u015fabilirler. Bunun i\u00e7in Almanya&#8217;da mesleki niteliklerinizin \u00f6nceden tan\u0131nmas\u0131 gerekli de\u011fildir. Mesleki derecenizi giri\u015f yapt\u0131ktan sonra resmi olarak tan\u0131tt\u0131rabilirsiniz. Bunu, i\u015fveren ve ba\u015fvuran aras\u0131nda bir yaz\u0131l\u0131 s\u00f6zle\u015fme, aralar\u0131nda olmak \u00fczere m\u00fcmk\u00fcn k\u0131lar. Tan\u0131nma Ortakl\u0131\u011f\u0131, &#8220;Deneyim S\u00fctunu&#8221;ndaki uzman<\/p>\n\t\t<\/div>\n\t\t\n\t\t<a class=\"elementor-post__read-more\" href=\"https:\/\/test.chancenkarte.com\/tr\/news\/tanima-ortakligi-yoluyla-goec\/\" aria-label=\"Read more about Tan\u0131ma ortakl\u0131\u011f\u0131 yoluyla g\u00f6\u00e7\" tabindex=\"-1\" >\n\t\t\tMehr lesen \u00bb\t\t<\/a>\n\n\t\t\t\t<\/div>\n\t\t\t\t<\/article>\n\t\t\t\t<\/div>\n\t\t\n\t\t\t\t<\/div>\n\t\t\t\t<\/div>\n\t\t\t\t\t<\/div>\n\t\t<\/div>\n\t\t\t\t\t<\/div>\n\t\t<\/section>\n\t\t\t\t\t<\/div>\n\t\t<\/div>\n\t\t\t\t\t<\/div>\n\t\t<\/section>\n\t\t\t\t<section data-dce-background-image-url=\"http:\/\/chancenkarte.cc\/wp-content\/uploads\/2023\/02\/Chancenkarte-Banner.jpg\" class=\"elementor-section elementor-top-section elementor-element elementor-element-4525f0b4 elementor-section-content-middle elementor-section-boxed elementor-section-height-default elementor-section-height-default\" data-id=\"4525f0b4\" data-element_type=\"section\" id=\"newsletter\" data-settings=\"{&quot;background_background&quot;:&quot;classic&quot;}\">\n\t\t\t\t\t\t<div class=\"elementor-container elementor-column-gap-default\">\n\t\t\t\t\t<div class=\"elementor-column elementor-col-100 elementor-top-column elementor-element elementor-element-c62a7d0\" data-id=\"c62a7d0\" data-element_type=\"column\">\n\t\t\t<div class=\"elementor-widget-wrap elementor-element-populated\">\n\t\t\t\t\t\t<div class=\"elementor-element elementor-element-4fdc1f3 elementor-widget elementor-widget-heading\" data-id=\"4fdc1f3\" data-element_type=\"widget\" data-widget_type=\"heading.default\">\n\t\t\t\t<div class=\"elementor-widget-container\">\n\t\t\t<h2 class=\"elementor-heading-title elementor-size-default\">Chancenkarte Jobs!<\/h2>\t\t<\/div>\n\t\t\t\t<\/div>\n\t\t\t\t<div class=\"elementor-element elementor-element-6bf1a5c elementor-widget elementor-widget-text-editor\" data-id=\"6bf1a5c\" data-element_type=\"widget\" data-widget_type=\"text-editor.default\">\n\t\t\t\t<div class=\"elementor-widget-container\">\n\t\t\t\t\t\t\t<p><strong>Chancenkarte Jobs!<\/strong> \u00e7ok yak\u0131nda Chancenkarte adaylar\u0131 ile i\u015fleri bir araya getiren bir i\u015f platformu olacak. Platforma ilk eri\u015fenler aras\u0131nda yer almak i\u00e7in hemen kaydolun.<\/p><p><strong>Chancenkarte Jobs&#8217;a erken eri\u015fim!<\/strong><\/p><p><strong>\u0130\u015f veya aday bulun.<\/strong><\/p><p><strong>\u0130lk kez kullananlar i\u00e7in heyecan verici avantajlar\u0131n tad\u0131n\u0131 \u00e7\u0131kar\u0131n.<\/strong><\/p>\t\t\t\t\t\t<\/div>\n\t\t\t\t<\/div>\n\t\t\t\t<div class=\"elementor-element elementor-element-95920f6 elementor-widget elementor-widget-html\" data-id=\"95920f6\" data-element_type=\"widget\" data-widget_type=\"html.default\">\n\t\t\t\t<div class=\"elementor-widget-container\">\n\t\t\t<iframe data-tally-src=\"https:\/\/tally.so\/embed\/wQYzZY?alignLeft=1&hideTitle=1&transparentBackground=1&dynamicHeight=1\" loading=\"lazy\" width=\"100%\" height=\"200\" frameborder=\"0\" marginheight=\"0\" marginwidth=\"0\" title=\"JobBoard Sign-Up EN\"><\/iframe><script>var d=document,w=\"https:\/\/tally.so\/widgets\/embed.js\",v=function(){\"undefined\"!=typeof Tally?Tally.loadEmbeds():d.querySelectorAll(\"iframe[data-tally-src]:not([src])\").forEach((function(e){e.src=e.dataset.tallySrc}))};if(\"undefined\"!=typeof Tally)v();else if(d.querySelector('script[src=\"'+w+'\"]')==null){var s=d.createElement(\"script\");s.src=w,s.onload=v,s.onerror=v,d.body.appendChild(s);}<\/script>\t\t<\/div>\n\t\t\t\t<\/div>\n\t\t\t\t\t<\/div>\n\t\t<\/div>\n\t\t\t\t\t<\/div>\n\t\t<\/section>\n\t\t\t\t<\/div>\n\t\t","protected":false},"excerpt":{"rendered":"<p>Haberler F\u0131rsat kart\u0131yla ilgili en son haberleri \u00f6\u011frenin Coming soon: Chancenkarte Jobs! Chancenkarte Jobs! Chancenkarte Jobs! \u00e7ok yak\u0131nda Chancenkarte adaylar\u0131 ile i\u015fleri bir araya getiren bir i\u015f platformu olacak. Platforma ilk eri\u015fenler aras\u0131nda yer almak i\u00e7in hemen kaydolun. Chancenkarte Jobs&#8217;a erken eri\u015fim! \u0130\u015f veya aday bulun. \u0130lk kez kullananlar i\u00e7in heyecan verici avantajlar\u0131n tad\u0131n\u0131 \u00e7\u0131kar\u0131n.<\/p>\n","protected":false},"author":1,"featured_media":0,"parent":0,"menu_order":0,"comment_status":"closed","ping_status":"closed","template":"","meta":{"site-sidebar-layout":"no-sidebar","site-content-layout":"page-builder","ast-global-header-display":"","ast-main-header-display":"","ast-hfb-above-header-display":"","ast-hfb-below-header-display":"","ast-hfb-mobile-header-display":"","site-post-title":"disabled","ast-breadcrumbs-content":"","ast-featured-img":"disabled","footer-sml-layout":"","theme-transparent-header-meta":"","adv-header-id-meta":"","stick-header-meta":"","header-above-stick-meta":"","header-main-stick-meta":"","header-below-stick-meta":"","footnotes":""},"class_list":["post-4925","page","type-page","status-publish","hentry"],"yoast_head":"<!-- This site is optimized with the Yoast SEO plugin v22.7 - https:\/\/yoast.com\/wordpress\/plugins\/seo\/ -->\n<title>Haberler | Chancenkarte<\/title>\n<meta name=\"robots\" content=\"noindex, follow, max-snippet:-1, max-image-preview:large, max-video-preview:-1\" \/>\n<meta property=\"og:locale\" content=\"tr_TR\" \/>\n<meta property=\"og:type\" content=\"article\" \/>\n<meta property=\"og:title\" content=\"Haberler | Chancenkarte\" \/>\n<meta property=\"og:description\" content=\"Haberler F\u0131rsat kart\u0131yla ilgili en son haberleri \u00f6\u011frenin Coming soon: Chancenkarte Jobs! Chancenkarte Jobs! Chancenkarte Jobs! \u00e7ok yak\u0131nda Chancenkarte adaylar\u0131 ile i\u015fleri bir araya getiren bir i\u015f platformu olacak. Platforma ilk eri\u015fenler aras\u0131nda yer almak i\u00e7in hemen kaydolun. Chancenkarte Jobs&#8217;a erken eri\u015fim! \u0130\u015f veya aday bulun. \u0130lk kez kullananlar i\u00e7in heyecan verici avantajlar\u0131n tad\u0131n\u0131 \u00e7\u0131kar\u0131n.\" \/>\n<meta property=\"og:url\" content=\"https:\/\/test.chancenkarte.com\/tr\/haberler\/\" \/>\n<meta property=\"og:site_name\" content=\"Chancenkarte\" \/>\n<meta property=\"article:modified_time\" content=\"2024-09-16T12:18:21+00:00\" \/>\n<meta name=\"twitter:card\" content=\"summary_large_image\" \/>\n<meta name=\"twitter:label1\" content=\"Tahmini okuma s\u00fcresi\" \/>\n\t<meta name=\"twitter:data1\" content=\"2 dakika\" \/>\n<script type=\"application\/ld+json\" class=\"yoast-schema-graph\">{\"@context\":\"https:\/\/schema.org\",\"@graph\":[{\"@type\":\"WebPage\",\"@id\":\"https:\/\/test.chancenkarte.com\/tr\/haberler\/\",\"url\":\"https:\/\/test.chancenkarte.com\/tr\/haberler\/\",\"name\":\"Haberler | Chancenkarte\",\"isPartOf\":{\"@id\":\"https:\/\/test.chancenkarte.com\/en\/#website\"},\"datePublished\":\"2023-08-10T17:44:49+00:00\",\"dateModified\":\"2024-09-16T12:18:21+00:00\",\"breadcrumb\":{\"@id\":\"https:\/\/test.chancenkarte.com\/tr\/haberler\/#breadcrumb\"},\"inLanguage\":\"tr\",\"potentialAction\":[{\"@type\":\"ReadAction\",\"target\":[\"https:\/\/test.chancenkarte.com\/tr\/haberler\/\"]}]},{\"@type\":\"BreadcrumbList\",\"@id\":\"https:\/\/test.chancenkarte.com\/tr\/haberler\/#breadcrumb\",\"itemListElement\":[{\"@type\":\"ListItem\",\"position\":1,\"name\":\"Startseite\",\"item\":\"https:\/\/test.chancenkarte.com\/tr\/\"},{\"@type\":\"ListItem\",\"position\":2,\"name\":\"Haberler\"}]},{\"@type\":\"WebSite\",\"@id\":\"https:\/\/test.chancenkarte.com\/en\/#website\",\"url\":\"https:\/\/test.chancenkarte.com\/en\/\",\"name\":\"Chancenkarte\",\"description\":\"\",\"publisher\":{\"@id\":\"https:\/\/test.chancenkarte.com\/en\/#organization\"},\"potentialAction\":[{\"@type\":\"SearchAction\",\"target\":{\"@type\":\"EntryPoint\",\"urlTemplate\":\"https:\/\/test.chancenkarte.com\/en\/?s={search_term_string}\"},\"query-input\":\"required name=search_term_string\"}],\"inLanguage\":\"tr\"},{\"@type\":\"Organization\",\"@id\":\"https:\/\/test.chancenkarte.com\/en\/#organization\",\"name\":\"Chancenkarte\",\"url\":\"https:\/\/test.chancenkarte.com\/en\/\",\"logo\":{\"@type\":\"ImageObject\",\"inLanguage\":\"tr\",\"@id\":\"https:\/\/test.chancenkarte.com\/en\/#\/schema\/logo\/image\/\",\"url\":\"https:\/\/test.chancenkarte.com\/wp-content\/uploads\/2023\/08\/Logo-Chancenkarte-large.png\",\"contentUrl\":\"https:\/\/test.chancenkarte.com\/wp-content\/uploads\/2023\/08\/Logo-Chancenkarte-large.png\",\"width\":1400,\"height\":450,\"caption\":\"Chancenkarte\"},\"image\":{\"@id\":\"https:\/\/test.chancenkarte.com\/en\/#\/schema\/logo\/image\/\"}}]}<\/script>\n<!-- \/ Yoast SEO plugin. -->","yoast_head_json":{"title":"Haberler | Chancenkarte","robots":{"index":"noindex","follow":"follow","max-snippet":"max-snippet:-1","max-image-preview":"max-image-preview:large","max-video-preview":"max-video-preview:-1"},"og_locale":"tr_TR","og_type":"article","og_title":"Haberler | Chancenkarte","og_description":"Haberler F\u0131rsat kart\u0131yla ilgili en son haberleri \u00f6\u011frenin Coming soon: Chancenkarte Jobs! Chancenkarte Jobs! Chancenkarte Jobs! \u00e7ok yak\u0131nda Chancenkarte adaylar\u0131 ile i\u015fleri bir araya getiren bir i\u015f platformu olacak. Platforma ilk eri\u015fenler aras\u0131nda yer almak i\u00e7in hemen kaydolun. Chancenkarte Jobs&#8217;a erken eri\u015fim! \u0130\u015f veya aday bulun. \u0130lk kez kullananlar i\u00e7in heyecan verici avantajlar\u0131n tad\u0131n\u0131 \u00e7\u0131kar\u0131n.","og_url":"https:\/\/test.chancenkarte.com\/tr\/haberler\/","og_site_name":"Chancenkarte","article_modified_time":"2024-09-16T12:18:21+00:00","twitter_card":"summary_large_image","twitter_misc":{"Tahmini okuma s\u00fcresi":"2 dakika"},"schema":{"@context":"https:\/\/schema.org","@graph":[{"@type":"WebPage","@id":"https:\/\/test.chancenkarte.com\/tr\/haberler\/","url":"https:\/\/test.chancenkarte.com\/tr\/haberler\/","name":"Haberler | Chancenkarte","isPartOf":{"@id":"https:\/\/test.chancenkarte.com\/en\/#website"},"datePublished":"2023-08-10T17:44:49+00:00","dateModified":"2024-09-16T12:18:21+00:00","breadcrumb":{"@id":"https:\/\/test.chancenkarte.com\/tr\/haberler\/#breadcrumb"},"inLanguage":"tr","potentialAction":[{"@type":"ReadAction","target":["https:\/\/test.chancenkarte.com\/tr\/haberler\/"]}]},{"@type":"BreadcrumbList","@id":"https:\/\/test.chancenkarte.com\/tr\/haberler\/#breadcrumb","itemListElement":[{"@type":"ListItem","position":1,"name":"Startseite","item":"https:\/\/test.chancenkarte.com\/tr\/"},{"@type":"ListItem","position":2,"name":"Haberler"}]},{"@type":"WebSite","@id":"https:\/\/test.chancenkarte.com\/en\/#website","url":"https:\/\/test.chancenkarte.com\/en\/","name":"Chancenkarte","description":"","publisher":{"@id":"https:\/\/test.chancenkarte.com\/en\/#organization"},"potentialAction":[{"@type":"SearchAction","target":{"@type":"EntryPoint","urlTemplate":"https:\/\/test.chancenkarte.com\/en\/?s={search_term_string}"},"query-input":"required name=search_term_string"}],"inLanguage":"tr"},{"@type":"Organization","@id":"https:\/\/test.chancenkarte.com\/en\/#organization","name":"Chancenkarte","url":"https:\/\/test.chancenkarte.com\/en\/","logo":{"@type":"ImageObject","inLanguage":"tr","@id":"https:\/\/test.chancenkarte.com\/en\/#\/schema\/logo\/image\/","url":"https:\/\/test.chancenkarte.com\/wp-content\/uploads\/2023\/08\/Logo-Chancenkarte-large.png","contentUrl":"https:\/\/test.chancenkarte.com\/wp-content\/uploads\/2023\/08\/Logo-Chancenkarte-large.png","width":1400,"height":450,"caption":"Chancenkarte"},"image":{"@id":"https:\/\/test.chancenkarte.com\/en\/#\/schema\/logo\/image\/"}}]}},"_links":{"self":[{"href":"https:\/\/test.chancenkarte.com\/tr\/wp-json\/wp\/v2\/pages\/4925"}],"collection":[{"href":"https:\/\/test.chancenkarte.com\/tr\/wp-json\/wp\/v2\/pages"}],"about":[{"href":"https:\/\/test.chancenkarte.com\/tr\/wp-json\/wp\/v2\/types\/page"}],"author":[{"embeddable":true,"href":"https:\/\/test.chancenkarte.com\/tr\/wp-json\/wp\/v2\/users\/1"}],"replies":[{"embeddable":true,"href":"https:\/\/test.chancenkarte.com\/tr\/wp-json\/wp\/v2\/comments?post=4925"}],"version-history":[{"count":20,"href":"https:\/\/test.chancenkarte.com\/tr\/wp-json\/wp\/v2\/pages\/4925\/revisions"}],"predecessor-version":[{"id":8676,"href":"https:\/\/test.chancenkarte.com\/tr\/wp-json\/wp\/v2\/pages\/4925\/revisions\/8676"}],"wp:attachment":[{"href":"https:\/\/test.chancenkarte.com\/tr\/wp-json\/wp\/v2\/media?parent=4925"}],"curies":[{"name":"wp","href":"https:\/\/api.w.org\/{rel}","templated":true}]}}