{"id":4918,"date":"2023-03-01T14:40:27","date_gmt":"2023-03-01T14:40:27","guid":{"rendered":"https:\/\/test.chancenkarte.com\/?page_id=4918"},"modified":"2024-09-16T12:18:29","modified_gmt":"2024-09-16T12:18:29","slug":"hakkimizda","status":"publish","type":"page","link":"https:\/\/test.chancenkarte.com\/tr\/hakkimizda\/","title":{"rendered":"Hakk\u0131m\u0131zda"},"content":{"rendered":"\t\t<div data-elementor-type=\"wp-page\" data-elementor-id=\"4918\" class=\"elementor elementor-4918\" data-elementor-post-type=\"page\">\n\t\t\t\t\t\t<section data-dce-background-color=\"#FFFFFF\" data-dce-background-overlay-color=\"#000000\" data-dce-background-image-url=\"http:\/\/chancenkarte.cc\/wp-content\/uploads\/2023\/03\/Ueber-uns-Banner-Image-scaled.jpg\" class=\"elementor-section elementor-top-section elementor-element elementor-element-561777c3 elementor-section-height-min-height elementor-section-items-top elementor-section-boxed elementor-section-height-default\" data-id=\"561777c3\" data-element_type=\"section\" data-settings=\"{&quot;background_background&quot;:&quot;classic&quot;}\">\n\t\t\t\t\t\t\t<div class=\"elementor-background-overlay\"><\/div>\n\t\t\t\t\t\t\t<div class=\"elementor-container elementor-column-gap-default\">\n\t\t\t\t\t<div class=\"elementor-column elementor-col-100 elementor-top-column elementor-element elementor-element-750ff0cc\" data-id=\"750ff0cc\" data-element_type=\"column\">\n\t\t\t<div class=\"elementor-widget-wrap elementor-element-populated\">\n\t\t\t\t\t\t<div class=\"elementor-element elementor-element-5d622eb3 elementor-widget elementor-widget-spacer\" data-id=\"5d622eb3\" data-element_type=\"widget\" data-widget_type=\"spacer.default\">\n\t\t\t\t<div class=\"elementor-widget-container\">\n\t\t\t<style>\/*! elementor - v3.21.0 - 22-05-2024 *\/\n.elementor-column .elementor-spacer-inner{height:var(--spacer-size)}.e-con{--container-widget-width:100%}.e-con-inner>.elementor-widget-spacer,.e-con>.elementor-widget-spacer{width:var(--container-widget-width,var(--spacer-size));--align-self:var(--container-widget-align-self,initial);--flex-shrink:0}.e-con-inner>.elementor-widget-spacer>.elementor-widget-container,.e-con>.elementor-widget-spacer>.elementor-widget-container{height:100%;width:100%}.e-con-inner>.elementor-widget-spacer>.elementor-widget-container>.elementor-spacer,.e-con>.elementor-widget-spacer>.elementor-widget-container>.elementor-spacer{height:100%}.e-con-inner>.elementor-widget-spacer>.elementor-widget-container>.elementor-spacer>.elementor-spacer-inner,.e-con>.elementor-widget-spacer>.elementor-widget-container>.elementor-spacer>.elementor-spacer-inner{height:var(--container-widget-height,var(--spacer-size))}.e-con-inner>.elementor-widget-spacer.elementor-widget-empty,.e-con>.elementor-widget-spacer.elementor-widget-empty{position:relative;min-height:22px;min-width:22px}.e-con-inner>.elementor-widget-spacer.elementor-widget-empty .elementor-widget-empty-icon,.e-con>.elementor-widget-spacer.elementor-widget-empty .elementor-widget-empty-icon{position:absolute;top:0;bottom:0;left:0;right:0;margin:auto;padding:0;width:22px;height:22px}<\/style>\t\t<div class=\"elementor-spacer\">\n\t\t\t<div class=\"elementor-spacer-inner\"><\/div>\n\t\t<\/div>\n\t\t\t\t<\/div>\n\t\t\t\t<\/div>\n\t\t\t\t<div class=\"elementor-element elementor-element-d1e5049 elementor-widget elementor-widget-heading\" data-id=\"d1e5049\" data-element_type=\"widget\" data-widget_type=\"heading.default\">\n\t\t\t\t<div class=\"elementor-widget-container\">\n\t\t\t<style>\/*! elementor - v3.21.0 - 22-05-2024 *\/\n.elementor-heading-title{padding:0;margin:0;line-height:1}.elementor-widget-heading .elementor-heading-title[class*=elementor-size-]>a{color:inherit;font-size:inherit;line-height:inherit}.elementor-widget-heading .elementor-heading-title.elementor-size-small{font-size:15px}.elementor-widget-heading .elementor-heading-title.elementor-size-medium{font-size:19px}.elementor-widget-heading .elementor-heading-title.elementor-size-large{font-size:29px}.elementor-widget-heading .elementor-heading-title.elementor-size-xl{font-size:39px}.elementor-widget-heading .elementor-heading-title.elementor-size-xxl{font-size:59px}<\/style><h1 class=\"elementor-heading-title elementor-size-default\">Hakk\u0131m\u0131zda<\/h1>\t\t<\/div>\n\t\t\t\t<\/div>\n\t\t\t\t<div class=\"elementor-element elementor-element-1498a7e6 elementor-widget elementor-widget-spacer\" data-id=\"1498a7e6\" data-element_type=\"widget\" data-widget_type=\"spacer.default\">\n\t\t\t\t<div class=\"elementor-widget-container\">\n\t\t\t\t\t<div class=\"elementor-spacer\">\n\t\t\t<div class=\"elementor-spacer-inner\"><\/div>\n\t\t<\/div>\n\t\t\t\t<\/div>\n\t\t\t\t<\/div>\n\t\t\t\t<div class=\"elementor-element elementor-element-cc95296 elementor-widget elementor-widget-text-editor\" data-id=\"cc95296\" data-element_type=\"widget\" data-widget_type=\"text-editor.default\">\n\t\t\t\t<div class=\"elementor-widget-container\">\n\t\t\t<style>\/*! elementor - v3.21.0 - 22-05-2024 *\/\n.elementor-widget-text-editor.elementor-drop-cap-view-stacked .elementor-drop-cap{background-color:#69727d;color:#fff}.elementor-widget-text-editor.elementor-drop-cap-view-framed .elementor-drop-cap{color:#69727d;border:3px solid;background-color:transparent}.elementor-widget-text-editor:not(.elementor-drop-cap-view-default) .elementor-drop-cap{margin-top:8px}.elementor-widget-text-editor:not(.elementor-drop-cap-view-default) .elementor-drop-cap-letter{width:1em;height:1em}.elementor-widget-text-editor .elementor-drop-cap{float:left;text-align:center;line-height:1;font-size:50px}.elementor-widget-text-editor .elementor-drop-cap-letter{display:inline-block}<\/style>\t\t\t\t<p>F\u0131rsat Kart\u0131 bizim i\u00e7in neden \u00f6nemli<\/p>\t\t\t\t\t\t<\/div>\n\t\t\t\t<\/div>\n\t\t\t\t<div data-dce-background-color=\"#0D83D8\" class=\"elementor-element elementor-element-30669c30 elementor-align-center elementor-widget elementor-widget-button\" data-id=\"30669c30\" data-element_type=\"widget\" data-widget_type=\"button.default\">\n\t\t\t\t<div class=\"elementor-widget-container\">\n\t\t\t\t\t<div class=\"elementor-button-wrapper\">\n\t\t\t<a class=\"elementor-button elementor-button-link elementor-size-sm\" href=\"#newsletter\">\n\t\t\t\t\t\t<span class=\"elementor-button-content-wrapper\">\n\t\t\t\t\t\t\t\t\t<span class=\"elementor-button-text\">Coming soon: Chancenkarte Jobs!<\/span>\n\t\t\t\t\t<\/span>\n\t\t\t\t\t<\/a>\n\t\t<\/div>\n\t\t\t\t<\/div>\n\t\t\t\t<\/div>\n\t\t\t\t\t<\/div>\n\t\t<\/div>\n\t\t\t\t\t<\/div>\n\t\t<\/section>\n\t\t\t\t<section class=\"elementor-section elementor-top-section elementor-element elementor-element-4da1ab23 elementor-section-boxed elementor-section-height-default elementor-section-height-default\" data-id=\"4da1ab23\" data-element_type=\"section\">\n\t\t\t\t\t\t<div class=\"elementor-container elementor-column-gap-default\">\n\t\t\t\t\t<div class=\"elementor-column elementor-col-100 elementor-top-column elementor-element elementor-element-14111829\" data-id=\"14111829\" data-element_type=\"column\">\n\t\t\t<div class=\"elementor-widget-wrap elementor-element-populated\">\n\t\t\t\t\t\t<div class=\"elementor-element elementor-element-322a8c6e elementor-widget elementor-widget-heading\" data-id=\"322a8c6e\" data-element_type=\"widget\" data-widget_type=\"heading.default\">\n\t\t\t\t<div class=\"elementor-widget-container\">\n\t\t\t<h2 class=\"elementor-heading-title elementor-size-default\">Misyonumuz<\/h2>\t\t<\/div>\n\t\t\t\t<\/div>\n\t\t\t\t<section class=\"elementor-section elementor-inner-section elementor-element elementor-element-6b4b04a3 elementor-section-boxed elementor-section-height-default elementor-section-height-default\" data-id=\"6b4b04a3\" data-element_type=\"section\">\n\t\t\t\t\t\t<div class=\"elementor-container elementor-column-gap-default\">\n\t\t\t\t\t<div class=\"elementor-column elementor-col-100 elementor-inner-column elementor-element elementor-element-62c771d7\" data-id=\"62c771d7\" data-element_type=\"column\">\n\t\t\t<div class=\"elementor-widget-wrap elementor-element-populated\">\n\t\t\t\t\t\t<div class=\"elementor-element elementor-element-6fa70329 elementor-widget elementor-widget-text-editor\" data-id=\"6fa70329\" data-element_type=\"widget\" data-widget_type=\"text-editor.default\">\n\t\t\t\t<div class=\"elementor-widget-container\">\n\t\t\t\t\t\t\t<p>Nitelikli i\u015fg\u00fcc\u00fc a\u00e7\u0131\u011f\u0131 Alman ekonomisinin kar\u015f\u0131 kar\u015f\u0131ya oldu\u011fu en b\u00fcy\u00fck zorluklardan biri. Pek \u00e7ok sekt\u00f6rde kalifiye i\u015fg\u00fcc\u00fc bulmak zor. Demografik de\u011fi\u015fim bu durumu daha da k\u00f6t\u00fcle\u015ftirecektir.<\/p><p>F\u0131rsat kart\u0131 ile Federal H\u00fck\u00fcmet, bug\u00fcne kadar al\u0131\u015f\u0131lagelmi\u015f olan uzun denklik s\u00fcre\u00e7leri olmaks\u0131z\u0131n, Avrupa d\u0131\u015f\u0131ndaki \u00fclkelerden vas\u0131fl\u0131 i\u015f\u00e7ilerin g\u00f6\u00e7\u00fc i\u00e7in yeni bir imkan yarat\u0131yor. \u00d6nemli yasal basitle\u015ftirmelere ra\u011fmen, Alman i\u015fg\u00fcc\u00fc piyasas\u0131na giden yol hala zor.<\/p><p>F\u0131rsat kart\u0131n\u0131n potansiyelinden m\u00fcmk\u00fcn oldu\u011funca \u00e7ok say\u0131da i\u015fveren ve vas\u0131fl\u0131 i\u015f\u00e7i i\u00e7in yararlanmay\u0131 kendimize g\u00f6rev edindik. \u0130\u015fverenleri ve vas\u0131fl\u0131 i\u015f\u00e7ileri bir araya getiriyoruz. M\u00fcmk\u00fcn oldu\u011funca \u00e7ok say\u0131da vas\u0131fl\u0131 i\u015f\u00e7i i\u00e7in g\u00f6\u00e7menli\u011fi kolayla\u015ft\u0131rmak ve \u015firketlerin acilen ihtiya\u00e7 duyduklar\u0131 \u00e7al\u0131\u015fanlara eri\u015fimini sa\u011flamak amac\u0131yla uzmanl\u0131\u011f\u0131m\u0131z\u0131 payla\u015fmak istiyoruz. Bu da f\u0131rsat\u0131 kal\u0131c\u0131 ba\u015far\u0131ya d\u00f6n\u00fc\u015ft\u00fcr\u00fcyor.<\/p>\t\t\t\t\t\t<\/div>\n\t\t\t\t<\/div>\n\t\t\t\t\t<\/div>\n\t\t<\/div>\n\t\t\t\t\t<\/div>\n\t\t<\/section>\n\t\t\t\t\t<\/div>\n\t\t<\/div>\n\t\t\t\t\t<\/div>\n\t\t<\/section>\n\t\t\t\t<section class=\"elementor-section elementor-top-section elementor-element elementor-element-436262d9 elementor-section-boxed elementor-section-height-default elementor-section-height-default\" data-id=\"436262d9\" data-element_type=\"section\">\n\t\t\t\t\t\t<div class=\"elementor-container elementor-column-gap-default\">\n\t\t\t\t\t<div class=\"elementor-column elementor-col-100 elementor-top-column elementor-element elementor-element-3b377a\" data-id=\"3b377a\" data-element_type=\"column\">\n\t\t\t<div class=\"elementor-widget-wrap elementor-element-populated\">\n\t\t\t\t\t\t<div class=\"elementor-element elementor-element-512b9666 elementor-widget elementor-widget-heading\" data-id=\"512b9666\" data-element_type=\"widget\" data-widget_type=\"heading.default\">\n\t\t\t\t<div class=\"elementor-widget-container\">\n\t\t\t<h2 class=\"elementor-heading-title elementor-size-default\">Almanya'da vas\u0131fl\u0131 i\u015fg\u00fcc\u00fc a\u00e7\u0131\u011f\u0131<\/h2>\t\t<\/div>\n\t\t\t\t<\/div>\n\t\t\t\t<div class=\"elementor-element elementor-element-246f2ecc elementor-widget elementor-widget-text-editor\" data-id=\"246f2ecc\" data-element_type=\"widget\" data-widget_type=\"text-editor.default\">\n\t\t\t\t<div class=\"elementor-widget-container\">\n\t\t\t\t\t\t\t<p>Federal \u0130\u015f Ajans\u0131&#8217;na g\u00f6re, Almanya&#8217;da \u015fu anda y\u00fcksek\u00f6\u011frenim diplomas\u0131 gerektirmeyen mesleklerde i\u015fg\u00fcc\u00fc a\u00e7\u0131\u011f\u0131 bulunmaktad\u0131r. 2021 y\u0131l\u0131nda bu alanda yakla\u015f\u0131k 1,3 milyon pozisyon bo\u015f kalm\u0131\u015ft\u0131r. \u00d6zellikle Elektrik\u00e7i, Mekatronik Uzman\u0131, Sa\u011fl\u0131k \u00c7al\u0131\u015fanlar\u0131 ve \u0130n\u015faat \u0130\u015f\u00e7ileri gibi meslekler bu durumdan fazlas\u0131yla etkilenmi\u015ftir. Uzmanlar, Almanya&#8217;daki nitelikli i\u015fg\u00fcc\u00fc eksikli\u011finin \u00f6n\u00fcm\u00fczdeki y\u0131llarda daha da artaca\u011f\u0131 g\u00f6r\u00fc\u015f\u00fcndedir. 2030 y\u0131l\u0131na kadar \u00e7al\u0131\u015fabilir n\u00fcfusun yakla\u015f\u0131k 6,5 milyon ki\u015fi azalmas\u0131 \u00f6ng\u00f6r\u00fclmektedir. \u00d6zellikle yak\u0131n y\u0131llarda emekli olacak olan &#8216;Babyboomer&#8217; nesli, bu konuda \u00f6nemli bir rol oynayacakt\u0131r. Bu neslin bir\u00e7ok \u00fcyesi y\u00fcksek\u00f6\u011frenim diplomas\u0131 gerektirmeyen mesleklerde \u00e7al\u0131\u015ft\u0131\u011f\u0131ndan, i\u015f piyasas\u0131ndan \u00e7ekilmeleri bu alanlardaki i\u015fg\u00fcc\u00fc eksikli\u011fini daha da derinle\u015ftirecektir.<\/p><p>Bu t\u00fcr mesleklerdeki nitelikli i\u015fg\u00fcc\u00fc a\u00e7\u0131\u011f\u0131n\u0131 gidermek i\u00e7in \u00e7e\u015fitli \u00f6nlemler al\u0131nmas\u0131 gerekmektedir. Bunlar aras\u0131nda e\u011fitim ve s\u00fcrekli e\u011fitim programlar\u0131n\u0131n te\u015fviki, bu mesleklerin daha iyi \u00fccret ve \u00e7al\u0131\u015fma ko\u015fullar\u0131 ile daha cazip hale getirilmesi yer almaktad\u0131r. Nitelikli i\u015fg\u00fcc\u00fc a\u00e7\u0131\u011f\u0131n\u0131 azaltman\u0131n bir di\u011fer yolu da nitelikli i\u015fg\u00fcc\u00fcn\u00fcn kontroll\u00fc g\u00f6\u00e7\u00fcd\u00fcr. Yabanc\u0131 nitelikli i\u015fg\u00fcc\u00fc, belirli meslek alanlar\u0131ndaki i\u015fg\u00fcc\u00fc eksikli\u011fini azaltmada ve b\u00f6ylece nitelikli i\u015fg\u00fcc\u00fc ihtiyac\u0131n\u0131 kar\u015f\u0131lamada katk\u0131 sa\u011flayabilir. \u00c7ok say\u0131da \u00fclkede, yabanc\u0131 nitelikli i\u015fg\u00fcc\u00fcn\u00fc hedef alacak programlar zaten mevcuttur. Bu programlar sayesinde yabanc\u0131 nitelikli i\u015fg\u00fcc\u00fc, kolayla\u015ft\u0131r\u0131lm\u0131\u015f bir kabul s\u00fcreci ile daha h\u0131zl\u0131 bir \u015fekilde i\u015f piyasas\u0131na entegre olabilir. Ayr\u0131ca yabanc\u0131 nitelikli i\u015fg\u00fcc\u00fc, farkl\u0131 k\u00fclt\u00fcrel ge\u00e7mi\u015fleri ve deneyimleri ile Alman ekonomisinin yenilik\u00e7i g\u00fcc\u00fcn\u00fc ve rekabet edebilirli\u011fini de art\u0131rabilir. Farkl\u0131 k\u00fclt\u00fcrel perspektifleri ve fikirleri ile \u015firketlerin ve sekt\u00f6rlerin ba\u015far\u0131s\u0131na katk\u0131 sa\u011flayabilirler. Nitelikli \u0130\u015fg\u00fcc\u00fc G\u00f6\u00e7 Yasas\u0131 kapsam\u0131nda tan\u0131t\u0131lan F\u0131rsat Kart\u0131 ile Almanya da yabanc\u0131 nitelikli i\u015fg\u00fcc\u00fcn\u00fcn potansiyelini daha fazla kullanmay\u0131 hedeflemektedir. Sonu\u00e7 olarak, nitelikli i\u015fg\u00fcc\u00fcn\u00fcn kontroll\u00fc g\u00f6\u00e7\u00fc, Almanya&#8217;daki nitelikli i\u015fg\u00fcc\u00fc eksikli\u011finin \u00fcstesinden gelinmesinde \u00f6nemli bir rol oynayabilir. Chancenkarte GmbH, i\u015fverenler ve yabanc\u0131 nitelikli i\u015fg\u00fcc\u00fc i\u00e7in F\u0131rsat Kart\u0131 &#8216;n\u0131n sundu\u011fu olanaklar\u0131n kullan\u0131m\u0131n\u0131 kolayla\u015ft\u0131rmay\u0131 ama\u00e7lamaktad\u0131r.<\/p>\t\t\t\t\t\t<\/div>\n\t\t\t\t<\/div>\n\t\t\t\t\t<\/div>\n\t\t<\/div>\n\t\t\t\t\t<\/div>\n\t\t<\/section>\n\t\t\t\t<section data-dce-background-image-url=\"http:\/\/chancenkarte.cc\/wp-content\/uploads\/2023\/02\/Chancenkarte-Banner.jpg\" class=\"elementor-section elementor-top-section elementor-element elementor-element-569cfd66 elementor-section-content-middle elementor-section-boxed elementor-section-height-default elementor-section-height-default\" data-id=\"569cfd66\" data-element_type=\"section\" id=\"newsletter\" data-settings=\"{&quot;background_background&quot;:&quot;classic&quot;}\">\n\t\t\t\t\t\t<div class=\"elementor-container elementor-column-gap-default\">\n\t\t\t\t\t<div class=\"elementor-column elementor-col-100 elementor-top-column elementor-element elementor-element-f4d4653\" data-id=\"f4d4653\" data-element_type=\"column\">\n\t\t\t<div class=\"elementor-widget-wrap elementor-element-populated\">\n\t\t\t\t\t\t<div class=\"elementor-element elementor-element-07156cb elementor-widget elementor-widget-heading\" data-id=\"07156cb\" data-element_type=\"widget\" data-widget_type=\"heading.default\">\n\t\t\t\t<div class=\"elementor-widget-container\">\n\t\t\t<h2 class=\"elementor-heading-title elementor-size-default\">Chancenkarte Jobs!<\/h2>\t\t<\/div>\n\t\t\t\t<\/div>\n\t\t\t\t<div class=\"elementor-element elementor-element-0fb42ff elementor-widget elementor-widget-text-editor\" data-id=\"0fb42ff\" data-element_type=\"widget\" data-widget_type=\"text-editor.default\">\n\t\t\t\t<div class=\"elementor-widget-container\">\n\t\t\t\t\t\t\t<p><strong>Chancenkarte Jobs!<\/strong> \u00e7ok yak\u0131nda Chancenkarte adaylar\u0131 ile i\u015fleri bir araya getiren bir i\u015f platformu olacak. Platforma ilk eri\u015fenler aras\u0131nda yer almak i\u00e7in hemen kaydolun.<\/p><p><strong>Chancenkarte Jobs&#8217;a erken eri\u015fim!<\/strong><\/p><p><strong>\u0130\u015f veya aday bulun.<\/strong><\/p><p><strong>\u0130lk kez kullananlar i\u00e7in heyecan verici avantajlar\u0131n tad\u0131n\u0131 \u00e7\u0131kar\u0131n.<\/strong><\/p>\t\t\t\t\t\t<\/div>\n\t\t\t\t<\/div>\n\t\t\t\t<div class=\"elementor-element elementor-element-559f9eb elementor-widget elementor-widget-html\" data-id=\"559f9eb\" data-element_type=\"widget\" data-widget_type=\"html.default\">\n\t\t\t\t<div class=\"elementor-widget-container\">\n\t\t\t<iframe data-tally-src=\"https:\/\/tally.so\/embed\/wQYzZY?alignLeft=1&hideTitle=1&transparentBackground=1&dynamicHeight=1\" loading=\"lazy\" width=\"100%\" height=\"200\" frameborder=\"0\" marginheight=\"0\" marginwidth=\"0\" title=\"JobBoard Sign-Up EN\"><\/iframe><script>var d=document,w=\"https:\/\/tally.so\/widgets\/embed.js\",v=function(){\"undefined\"!=typeof Tally?Tally.loadEmbeds():d.querySelectorAll(\"iframe[data-tally-src]:not([src])\").forEach((function(e){e.src=e.dataset.tallySrc}))};if(\"undefined\"!=typeof Tally)v();else if(d.querySelector('script[src=\"'+w+'\"]')==null){var s=d.createElement(\"script\");s.src=w,s.onload=v,s.onerror=v,d.body.appendChild(s);}<\/script>\t\t<\/div>\n\t\t\t\t<\/div>\n\t\t\t\t\t<\/div>\n\t\t<\/div>\n\t\t\t\t\t<\/div>\n\t\t<\/section>\n\t\t\t\t<\/div>\n\t\t","protected":false},"excerpt":{"rendered":"<p>Hakk\u0131m\u0131zda F\u0131rsat Kart\u0131 bizim i\u00e7in neden \u00f6nemli Coming soon: Chancenkarte Jobs! Misyonumuz Nitelikli i\u015fg\u00fcc\u00fc a\u00e7\u0131\u011f\u0131 Alman ekonomisinin kar\u015f\u0131 kar\u015f\u0131ya oldu\u011fu en b\u00fcy\u00fck zorluklardan biri. Pek \u00e7ok sekt\u00f6rde kalifiye i\u015fg\u00fcc\u00fc bulmak zor. Demografik de\u011fi\u015fim bu durumu daha da k\u00f6t\u00fcle\u015ftirecektir. F\u0131rsat kart\u0131 ile Federal H\u00fck\u00fcmet, bug\u00fcne kadar al\u0131\u015f\u0131lagelmi\u015f olan uzun denklik s\u00fcre\u00e7leri olmaks\u0131z\u0131n, Avrupa d\u0131\u015f\u0131ndaki \u00fclkelerden vas\u0131fl\u0131 &hellip;<\/p>\n<p class=\"read-more\"> <a class=\"\" href=\"https:\/\/test.chancenkarte.com\/tr\/hakkimizda\/\"> <span class=\"screen-reader-text\">Hakk\u0131m\u0131zda<\/span> Mehr lesen ><\/a><\/p>\n","protected":false},"author":1,"featured_media":0,"parent":0,"menu_order":0,"comment_status":"closed","ping_status":"closed","template":"","meta":{"site-sidebar-layout":"no-sidebar","site-content-layout":"page-builder","ast-global-header-display":"","ast-main-header-display":"","ast-hfb-above-header-display":"","ast-hfb-below-header-display":"","ast-hfb-mobile-header-display":"","site-post-title":"disabled","ast-breadcrumbs-content":"","ast-featured-img":"disabled","footer-sml-layout":"","theme-transparent-header-meta":"","adv-header-id-meta":"","stick-header-meta":"","header-above-stick-meta":"","header-main-stick-meta":"","header-below-stick-meta":"","footnotes":""},"class_list":["post-4918","page","type-page","status-publish","hentry"],"yoast_head":"<!-- This site is optimized with the Yoast SEO plugin v22.7 - https:\/\/yoast.com\/wordpress\/plugins\/seo\/ -->\n<title>Hakk\u0131m\u0131zda | Chancenkarte<\/title>\n<meta name=\"robots\" content=\"noindex, follow, max-snippet:-1, max-image-preview:large, max-video-preview:-1\" \/>\n<meta property=\"og:locale\" content=\"tr_TR\" \/>\n<meta property=\"og:type\" content=\"article\" \/>\n<meta property=\"og:title\" content=\"Hakk\u0131m\u0131zda | Chancenkarte\" \/>\n<meta property=\"og:description\" content=\"Hakk\u0131m\u0131zda F\u0131rsat Kart\u0131 bizim i\u00e7in neden \u00f6nemli Coming soon: Chancenkarte Jobs! Misyonumuz Nitelikli i\u015fg\u00fcc\u00fc a\u00e7\u0131\u011f\u0131 Alman ekonomisinin kar\u015f\u0131 kar\u015f\u0131ya oldu\u011fu en b\u00fcy\u00fck zorluklardan biri. Pek \u00e7ok sekt\u00f6rde kalifiye i\u015fg\u00fcc\u00fc bulmak zor. Demografik de\u011fi\u015fim bu durumu daha da k\u00f6t\u00fcle\u015ftirecektir. F\u0131rsat kart\u0131 ile Federal H\u00fck\u00fcmet, bug\u00fcne kadar al\u0131\u015f\u0131lagelmi\u015f olan uzun denklik s\u00fcre\u00e7leri olmaks\u0131z\u0131n, Avrupa d\u0131\u015f\u0131ndaki \u00fclkelerden vas\u0131fl\u0131 &hellip; Hakk\u0131m\u0131zda Mehr lesen &gt;\" \/>\n<meta property=\"og:url\" content=\"https:\/\/test.chancenkarte.com\/tr\/hakkimizda\/\" \/>\n<meta property=\"og:site_name\" content=\"Chancenkarte\" \/>\n<meta property=\"article:modified_time\" content=\"2024-09-16T12:18:29+00:00\" \/>\n<meta name=\"twitter:card\" content=\"summary_large_image\" \/>\n<meta name=\"twitter:label1\" content=\"Tahmini okuma s\u00fcresi\" \/>\n\t<meta name=\"twitter:data1\" content=\"3 dakika\" \/>\n<script type=\"application\/ld+json\" class=\"yoast-schema-graph\">{\"@context\":\"https:\/\/schema.org\",\"@graph\":[{\"@type\":\"WebPage\",\"@id\":\"https:\/\/test.chancenkarte.com\/tr\/hakkimizda\/\",\"url\":\"https:\/\/test.chancenkarte.com\/tr\/hakkimizda\/\",\"name\":\"Hakk\u0131m\u0131zda | Chancenkarte\",\"isPartOf\":{\"@id\":\"https:\/\/test.chancenkarte.com\/en\/#website\"},\"datePublished\":\"2023-03-01T14:40:27+00:00\",\"dateModified\":\"2024-09-16T12:18:29+00:00\",\"breadcrumb\":{\"@id\":\"https:\/\/test.chancenkarte.com\/tr\/hakkimizda\/#breadcrumb\"},\"inLanguage\":\"tr\",\"potentialAction\":[{\"@type\":\"ReadAction\",\"target\":[\"https:\/\/test.chancenkarte.com\/tr\/hakkimizda\/\"]}]},{\"@type\":\"BreadcrumbList\",\"@id\":\"https:\/\/test.chancenkarte.com\/tr\/hakkimizda\/#breadcrumb\",\"itemListElement\":[{\"@type\":\"ListItem\",\"position\":1,\"name\":\"Startseite\",\"item\":\"https:\/\/test.chancenkarte.com\/tr\/\"},{\"@type\":\"ListItem\",\"position\":2,\"name\":\"Hakk\u0131m\u0131zda\"}]},{\"@type\":\"WebSite\",\"@id\":\"https:\/\/test.chancenkarte.com\/en\/#website\",\"url\":\"https:\/\/test.chancenkarte.com\/en\/\",\"name\":\"Chancenkarte\",\"description\":\"\",\"publisher\":{\"@id\":\"https:\/\/test.chancenkarte.com\/en\/#organization\"},\"potentialAction\":[{\"@type\":\"SearchAction\",\"target\":{\"@type\":\"EntryPoint\",\"urlTemplate\":\"https:\/\/test.chancenkarte.com\/en\/?s={search_term_string}\"},\"query-input\":\"required name=search_term_string\"}],\"inLanguage\":\"tr\"},{\"@type\":\"Organization\",\"@id\":\"https:\/\/test.chancenkarte.com\/en\/#organization\",\"name\":\"Chancenkarte\",\"url\":\"https:\/\/test.chancenkarte.com\/en\/\",\"logo\":{\"@type\":\"ImageObject\",\"inLanguage\":\"tr\",\"@id\":\"https:\/\/test.chancenkarte.com\/en\/#\/schema\/logo\/image\/\",\"url\":\"https:\/\/test.chancenkarte.com\/wp-content\/uploads\/2023\/08\/Logo-Chancenkarte-large.png\",\"contentUrl\":\"https:\/\/test.chancenkarte.com\/wp-content\/uploads\/2023\/08\/Logo-Chancenkarte-large.png\",\"width\":1400,\"height\":450,\"caption\":\"Chancenkarte\"},\"image\":{\"@id\":\"https:\/\/test.chancenkarte.com\/en\/#\/schema\/logo\/image\/\"}}]}<\/script>\n<!-- \/ Yoast SEO plugin. -->","yoast_head_json":{"title":"Hakk\u0131m\u0131zda | Chancenkarte","robots":{"index":"noindex","follow":"follow","max-snippet":"max-snippet:-1","max-image-preview":"max-image-preview:large","max-video-preview":"max-video-preview:-1"},"og_locale":"tr_TR","og_type":"article","og_title":"Hakk\u0131m\u0131zda | Chancenkarte","og_description":"Hakk\u0131m\u0131zda F\u0131rsat Kart\u0131 bizim i\u00e7in neden \u00f6nemli Coming soon: Chancenkarte Jobs! Misyonumuz Nitelikli i\u015fg\u00fcc\u00fc a\u00e7\u0131\u011f\u0131 Alman ekonomisinin kar\u015f\u0131 kar\u015f\u0131ya oldu\u011fu en b\u00fcy\u00fck zorluklardan biri. Pek \u00e7ok sekt\u00f6rde kalifiye i\u015fg\u00fcc\u00fc bulmak zor. Demografik de\u011fi\u015fim bu durumu daha da k\u00f6t\u00fcle\u015ftirecektir. F\u0131rsat kart\u0131 ile Federal H\u00fck\u00fcmet, bug\u00fcne kadar al\u0131\u015f\u0131lagelmi\u015f olan uzun denklik s\u00fcre\u00e7leri olmaks\u0131z\u0131n, Avrupa d\u0131\u015f\u0131ndaki \u00fclkelerden vas\u0131fl\u0131 &hellip; Hakk\u0131m\u0131zda Mehr lesen >","og_url":"https:\/\/test.chancenkarte.com\/tr\/hakkimizda\/","og_site_name":"Chancenkarte","article_modified_time":"2024-09-16T12:18:29+00:00","twitter_card":"summary_large_image","twitter_misc":{"Tahmini okuma s\u00fcresi":"3 dakika"},"schema":{"@context":"https:\/\/schema.org","@graph":[{"@type":"WebPage","@id":"https:\/\/test.chancenkarte.com\/tr\/hakkimizda\/","url":"https:\/\/test.chancenkarte.com\/tr\/hakkimizda\/","name":"Hakk\u0131m\u0131zda | Chancenkarte","isPartOf":{"@id":"https:\/\/test.chancenkarte.com\/en\/#website"},"datePublished":"2023-03-01T14:40:27+00:00","dateModified":"2024-09-16T12:18:29+00:00","breadcrumb":{"@id":"https:\/\/test.chancenkarte.com\/tr\/hakkimizda\/#breadcrumb"},"inLanguage":"tr","potentialAction":[{"@type":"ReadAction","target":["https:\/\/test.chancenkarte.com\/tr\/hakkimizda\/"]}]},{"@type":"BreadcrumbList","@id":"https:\/\/test.chancenkarte.com\/tr\/hakkimizda\/#breadcrumb","itemListElement":[{"@type":"ListItem","position":1,"name":"Startseite","item":"https:\/\/test.chancenkarte.com\/tr\/"},{"@type":"ListItem","position":2,"name":"Hakk\u0131m\u0131zda"}]},{"@type":"WebSite","@id":"https:\/\/test.chancenkarte.com\/en\/#website","url":"https:\/\/test.chancenkarte.com\/en\/","name":"Chancenkarte","description":"","publisher":{"@id":"https:\/\/test.chancenkarte.com\/en\/#organization"},"potentialAction":[{"@type":"SearchAction","target":{"@type":"EntryPoint","urlTemplate":"https:\/\/test.chancenkarte.com\/en\/?s={search_term_string}"},"query-input":"required name=search_term_string"}],"inLanguage":"tr"},{"@type":"Organization","@id":"https:\/\/test.chancenkarte.com\/en\/#organization","name":"Chancenkarte","url":"https:\/\/test.chancenkarte.com\/en\/","logo":{"@type":"ImageObject","inLanguage":"tr","@id":"https:\/\/test.chancenkarte.com\/en\/#\/schema\/logo\/image\/","url":"https:\/\/test.chancenkarte.com\/wp-content\/uploads\/2023\/08\/Logo-Chancenkarte-large.png","contentUrl":"https:\/\/test.chancenkarte.com\/wp-content\/uploads\/2023\/08\/Logo-Chancenkarte-large.png","width":1400,"height":450,"caption":"Chancenkarte"},"image":{"@id":"https:\/\/test.chancenkarte.com\/en\/#\/schema\/logo\/image\/"}}]}},"_links":{"self":[{"href":"https:\/\/test.chancenkarte.com\/tr\/wp-json\/wp\/v2\/pages\/4918"}],"collection":[{"href":"https:\/\/test.chancenkarte.com\/tr\/wp-json\/wp\/v2\/pages"}],"about":[{"href":"https:\/\/test.chancenkarte.com\/tr\/wp-json\/wp\/v2\/types\/page"}],"author":[{"embeddable":true,"href":"https:\/\/test.chancenkarte.com\/tr\/wp-json\/wp\/v2\/users\/1"}],"replies":[{"embeddable":true,"href":"https:\/\/test.chancenkarte.com\/tr\/wp-json\/wp\/v2\/comments?post=4918"}],"version-history":[{"count":27,"href":"https:\/\/test.chancenkarte.com\/tr\/wp-json\/wp\/v2\/pages\/4918\/revisions"}],"predecessor-version":[{"id":8679,"href":"https:\/\/test.chancenkarte.com\/tr\/wp-json\/wp\/v2\/pages\/4918\/revisions\/8679"}],"wp:attachment":[{"href":"https:\/\/test.chancenkarte.com\/tr\/wp-json\/wp\/v2\/media?parent=4918"}],"curies":[{"name":"wp","href":"https:\/\/api.w.org\/{rel}","templated":true}]}}