{"id":7304,"date":"2024-05-30T22:34:25","date_gmt":"2024-05-30T22:34:25","guid":{"rendered":"https:\/\/test.chancenkarte.com\/?page_id=7304"},"modified":"2024-09-11T14:01:54","modified_gmt":"2024-09-11T14:01:54","slug":"start","status":"publish","type":"page","link":"https:\/\/test.chancenkarte.com\/de\/apply-center\/start\/","title":{"rendered":"Application Assistant Start"},"content":{"rendered":"\t\t<div data-elementor-type=\"wp-page\" data-elementor-id=\"7304\" class=\"elementor elementor-7304\" data-elementor-post-type=\"page\">\n\t\t\t\t\t\t<section data-dce-background-color=\"#0D83D8\" class=\"elementor-section elementor-top-section elementor-element elementor-element-f00202c elementor-section-height-min-height elementor-section-items-top elementor-section-boxed elementor-section-height-default\" data-id=\"f00202c\" data-element_type=\"section\" data-settings=\"{&quot;background_background&quot;:&quot;classic&quot;}\">\n\t\t\t\t\t\t<div class=\"elementor-container elementor-column-gap-default\">\n\t\t\t\t\t<div class=\"elementor-column elementor-col-100 elementor-top-column elementor-element elementor-element-2fa0ef21\" data-id=\"2fa0ef21\" data-element_type=\"column\">\n\t\t\t<div class=\"elementor-widget-wrap elementor-element-populated\">\n\t\t\t\t\t\t<div class=\"elementor-element elementor-element-551d56d3 elementor-widget elementor-widget-spacer\" data-id=\"551d56d3\" data-element_type=\"widget\" data-widget_type=\"spacer.default\">\n\t\t\t\t<div class=\"elementor-widget-container\">\n\t\t\t<style>\/*! elementor - v3.21.0 - 22-05-2024 *\/\n.elementor-column .elementor-spacer-inner{height:var(--spacer-size)}.e-con{--container-widget-width:100%}.e-con-inner>.elementor-widget-spacer,.e-con>.elementor-widget-spacer{width:var(--container-widget-width,var(--spacer-size));--align-self:var(--container-widget-align-self,initial);--flex-shrink:0}.e-con-inner>.elementor-widget-spacer>.elementor-widget-container,.e-con>.elementor-widget-spacer>.elementor-widget-container{height:100%;width:100%}.e-con-inner>.elementor-widget-spacer>.elementor-widget-container>.elementor-spacer,.e-con>.elementor-widget-spacer>.elementor-widget-container>.elementor-spacer{height:100%}.e-con-inner>.elementor-widget-spacer>.elementor-widget-container>.elementor-spacer>.elementor-spacer-inner,.e-con>.elementor-widget-spacer>.elementor-widget-container>.elementor-spacer>.elementor-spacer-inner{height:var(--container-widget-height,var(--spacer-size))}.e-con-inner>.elementor-widget-spacer.elementor-widget-empty,.e-con>.elementor-widget-spacer.elementor-widget-empty{position:relative;min-height:22px;min-width:22px}.e-con-inner>.elementor-widget-spacer.elementor-widget-empty .elementor-widget-empty-icon,.e-con>.elementor-widget-spacer.elementor-widget-empty .elementor-widget-empty-icon{position:absolute;top:0;bottom:0;left:0;right:0;margin:auto;padding:0;width:22px;height:22px}<\/style>\t\t<div class=\"elementor-spacer\">\n\t\t\t<div class=\"elementor-spacer-inner\"><\/div>\n\t\t<\/div>\n\t\t\t\t<\/div>\n\t\t\t\t<\/div>\n\t\t\t\t<div class=\"elementor-element elementor-element-4c47ec8b elementor-widget elementor-widget-spacer\" data-id=\"4c47ec8b\" data-element_type=\"widget\" data-widget_type=\"spacer.default\">\n\t\t\t\t<div class=\"elementor-widget-container\">\n\t\t\t\t\t<div class=\"elementor-spacer\">\n\t\t\t<div class=\"elementor-spacer-inner\"><\/div>\n\t\t<\/div>\n\t\t\t\t<\/div>\n\t\t\t\t<\/div>\n\t\t\t\t<div class=\"elementor-element elementor-element-64d47263 elementor-headline--style-highlight elementor-widget elementor-widget-animated-headline\" data-id=\"64d47263\" data-element_type=\"widget\" data-settings=\"{&quot;marker&quot;:&quot;underline&quot;,&quot;highlighted_text&quot;:&quot;Application Assistant&quot;,&quot;headline_style&quot;:&quot;highlight&quot;,&quot;loop&quot;:&quot;yes&quot;,&quot;highlight_animation_duration&quot;:1200,&quot;highlight_iteration_delay&quot;:8000}\" data-widget_type=\"animated-headline.default\">\n\t\t\t\t<div class=\"elementor-widget-container\">\n\t\t\t<link rel=\"stylesheet\" href=\"https:\/\/test.chancenkarte.com\/wp-content\/plugins\/elementor-pro\/assets\/css\/widget-animated-headline.min.css\">\t\t<h2 class=\"elementor-headline\">\n\t\t\t\t<span class=\"elementor-headline-dynamic-wrapper elementor-headline-text-wrapper\">\n\t\t\t\t\t<span class=\"elementor-headline-dynamic-text elementor-headline-text-active\">Application Assistant<\/span>\n\t\t\t\t<\/span>\n\t\t\t\t<\/h2>\n\t\t\t\t<\/div>\n\t\t\t\t<\/div>\n\t\t\t\t<div class=\"elementor-element elementor-element-227e7e6f elementor-widget elementor-widget-spacer\" data-id=\"227e7e6f\" data-element_type=\"widget\" data-widget_type=\"spacer.default\">\n\t\t\t\t<div class=\"elementor-widget-container\">\n\t\t\t\t\t<div class=\"elementor-spacer\">\n\t\t\t<div class=\"elementor-spacer-inner\"><\/div>\n\t\t<\/div>\n\t\t\t\t<\/div>\n\t\t\t\t<\/div>\n\t\t\t\t<div class=\"elementor-element elementor-element-246d545 elementor-widget elementor-widget-text-editor\" data-id=\"246d545\" data-element_type=\"widget\" data-widget_type=\"text-editor.default\">\n\t\t\t\t<div class=\"elementor-widget-container\">\n\t\t\t<style>\/*! elementor - v3.21.0 - 22-05-2024 *\/\n.elementor-widget-text-editor.elementor-drop-cap-view-stacked .elementor-drop-cap{background-color:#69727d;color:#fff}.elementor-widget-text-editor.elementor-drop-cap-view-framed .elementor-drop-cap{color:#69727d;border:3px solid;background-color:transparent}.elementor-widget-text-editor:not(.elementor-drop-cap-view-default) .elementor-drop-cap{margin-top:8px}.elementor-widget-text-editor:not(.elementor-drop-cap-view-default) .elementor-drop-cap-letter{width:1em;height:1em}.elementor-widget-text-editor .elementor-drop-cap{float:left;text-align:center;line-height:1;font-size:50px}.elementor-widget-text-editor .elementor-drop-cap-letter{display:inline-block}<\/style>\t\t\t\t<p><strong>Der beste Ort, um Ihre Bewerbung f\u00fcr die deutsche Chancenkarte zu starten.<\/strong><\/p><p>Beantworten Sie ein paar Fragen und wir erstellen Ihnen Ihren pers\u00f6nlichen Fahrplan zur Chancenkarte &#8211; ganz unverbindlich.<\/p>\t\t\t\t\t\t<\/div>\n\t\t\t\t<\/div>\n\t\t\t\t\t<\/div>\n\t\t<\/div>\n\t\t\t\t\t<\/div>\n\t\t<\/section>\n\t\t\t\t<section data-dce-background-color=\"#FFFFFF\" class=\"elementor-section elementor-top-section elementor-element elementor-element-36e363d elementor-section-boxed elementor-section-height-default elementor-section-height-default\" data-id=\"36e363d\" data-element_type=\"section\" data-settings=\"{&quot;background_background&quot;:&quot;classic&quot;}\">\n\t\t\t\t\t\t<div class=\"elementor-container elementor-column-gap-default\">\n\t\t\t\t\t<div class=\"elementor-column elementor-col-100 elementor-top-column elementor-element elementor-element-f6bb5fa\" data-id=\"f6bb5fa\" data-element_type=\"column\">\n\t\t\t<div class=\"elementor-widget-wrap elementor-element-populated\">\n\t\t\t\t\t\t<section data-dce-background-image-url=\"https:\/\/test.chancenkarte.com\/wp-content\/uploads\/2024\/05\/Chancenkarte-Banner.jpg\" class=\"elementor-section elementor-inner-section elementor-element elementor-element-ebcad45 elementor-section-boxed elementor-section-height-default elementor-section-height-default\" data-id=\"ebcad45\" data-element_type=\"section\" data-settings=\"{&quot;background_background&quot;:&quot;classic&quot;}\">\n\t\t\t\t\t\t<div class=\"elementor-container elementor-column-gap-default\">\n\t\t\t\t\t<div class=\"elementor-column elementor-col-100 elementor-inner-column elementor-element elementor-element-c54dedb\" data-id=\"c54dedb\" data-element_type=\"column\">\n\t\t\t<div class=\"elementor-widget-wrap elementor-element-populated\">\n\t\t\t\t\t\t<div class=\"elementor-element elementor-element-c61bedc elementor-widget elementor-widget-html\" data-id=\"c61bedc\" data-element_type=\"widget\" data-widget_type=\"html.default\">\n\t\t\t\t<div class=\"elementor-widget-container\">\n\t\t\t<iframe data-tally-src=\"https:\/\/tally.so\/embed\/w888GA?hideTitle=1&transparentBackground=1\" loading=\"lazy\" width=\"100%\" height=\"550\" frameborder=\"0\" marginheight=\"0\" marginwidth=\"0\" title=\"Application Assistant DE\"><\/iframe><script>var d=document,w=\"https:\/\/tally.so\/widgets\/embed.js\",v=function(){\"undefined\"!=typeof Tally?Tally.loadEmbeds():d.querySelectorAll(\"iframe[data-tally-src]:not([src])\").forEach((function(e){e.src=e.dataset.tallySrc}))};if(\"undefined\"!=typeof Tally)v();else if(d.querySelector('script[src=\"'+w+'\"]')==null){var s=d.createElement(\"script\");s.src=w,s.onload=v,s.onerror=v,d.body.appendChild(s);}<\/script>\t\t<\/div>\n\t\t\t\t<\/div>\n\t\t\t\t\t<\/div>\n\t\t<\/div>\n\t\t\t\t\t<\/div>\n\t\t<\/section>\n\t\t\t\t\t<\/div>\n\t\t<\/div>\n\t\t\t\t\t<\/div>\n\t\t<\/section>\n\t\t\t\t<section class=\"elementor-section elementor-top-section elementor-element elementor-element-7895a26 elementor-section-boxed elementor-section-height-default elementor-section-height-default\" data-id=\"7895a26\" data-element_type=\"section\">\n\t\t\t\t\t\t<div class=\"elementor-container elementor-column-gap-default\">\n\t\t\t\t\t<div class=\"elementor-column elementor-col-100 elementor-top-column elementor-element elementor-element-83afbfb\" data-id=\"83afbfb\" data-element_type=\"column\">\n\t\t\t<div class=\"elementor-widget-wrap elementor-element-populated\">\n\t\t\t\t\t\t<div class=\"elementor-element elementor-element-b6fe02e elementor-widget elementor-widget-text-editor\" data-id=\"b6fe02e\" data-element_type=\"widget\" data-widget_type=\"text-editor.default\">\n\t\t\t\t<div class=\"elementor-widget-container\">\n\t\t\t\t\t\t\tChancenkarte.com ist ein unabh\u00e4ngiges Informationsportal. Unser Ziel ist es, eine Bewerbung f\u00fcr die Chancenkarte und den Start in Deutschland zu erleichtern und Ihnen zu helfen, hier dauerhaft sesshaft zu werden. Wir sind kein staatliches Informationsportal und wollen dies auch nicht sein \u2013 so bleiben wir schnell und agil. Wir m\u00f6chten Sie auf Ihrem Weg begleiten und Ihnen notwendige und n\u00fctzliche Tipps und Werkzeuge zur Verf\u00fcgung stellen, damit wir Sie bald in Deutschland begr\u00fc\u00dfen k\u00f6nnen.\t\t\t\t\t\t<\/div>\n\t\t\t\t<\/div>\n\t\t\t\t\t<\/div>\n\t\t<\/div>\n\t\t\t\t\t<\/div>\n\t\t<\/section>\n\t\t\t\t<\/div>\n\t\t","protected":false},"excerpt":{"rendered":"<p>Application Assistant Der beste Ort, um Ihre Bewerbung f\u00fcr die deutsche Chancenkarte zu starten. Beantworten Sie ein paar Fragen und wir erstellen Ihnen Ihren pers\u00f6nlichen Fahrplan zur Chancenkarte &#8211; ganz unverbindlich. Chancenkarte.com ist ein unabh\u00e4ngiges Informationsportal. Unser Ziel ist es, eine Bewerbung f\u00fcr die Chancenkarte und den Start in Deutschland zu erleichtern und Ihnen zu &hellip;<\/p>\n<p class=\"read-more\"> <a class=\"\" href=\"https:\/\/test.chancenkarte.com\/de\/apply-center\/start\/\"> <span class=\"screen-reader-text\">Application Assistant Start<\/span> Mehr lesen ><\/a><\/p>\n","protected":false},"author":1,"featured_media":0,"parent":7830,"menu_order":0,"comment_status":"closed","ping_status":"closed","template":"","meta":{"site-sidebar-layout":"no-sidebar","site-content-layout":"page-builder","ast-global-header-display":"","ast-main-header-display":"","ast-hfb-above-header-display":"","ast-hfb-below-header-display":"","ast-hfb-mobile-header-display":"","site-post-title":"disabled","ast-breadcrumbs-content":"","ast-featured-img":"disabled","footer-sml-layout":"","theme-transparent-header-meta":"","adv-header-id-meta":"","stick-header-meta":"","header-above-stick-meta":"","header-main-stick-meta":"","header-below-stick-meta":"","footnotes":""},"class_list":["post-7304","page","type-page","status-publish","hentry"],"yoast_head":"<!-- This site is optimized with the Yoast SEO plugin v22.7 - https:\/\/yoast.com\/wordpress\/plugins\/seo\/ -->\n<title>Application Assistant | Chancenkarte<\/title>\n<meta name=\"robots\" content=\"noindex, follow, max-snippet:-1, max-image-preview:large, max-video-preview:-1\" \/>\n<meta property=\"og:locale\" content=\"de_DE\" \/>\n<meta property=\"og:type\" content=\"article\" \/>\n<meta property=\"og:title\" content=\"Application Assistant | Chancenkarte\" \/>\n<meta property=\"og:description\" content=\"Application Assistant Der beste Ort, um Ihre Bewerbung f\u00fcr die deutsche Chancenkarte zu starten. Beantworten Sie ein paar Fragen und wir erstellen Ihnen Ihren pers\u00f6nlichen Fahrplan zur Chancenkarte &#8211; ganz unverbindlich. Chancenkarte.com ist ein unabh\u00e4ngiges Informationsportal. Unser Ziel ist es, eine Bewerbung f\u00fcr die Chancenkarte und den Start in Deutschland zu erleichtern und Ihnen zu &hellip; Application Assistant Start Mehr lesen &gt;\" \/>\n<meta property=\"og:url\" content=\"https:\/\/test.chancenkarte.com\/de\/apply-center\/start\/\" \/>\n<meta property=\"og:site_name\" content=\"Chancenkarte\" \/>\n<meta property=\"article:modified_time\" content=\"2024-09-11T14:01:54+00:00\" \/>\n<meta name=\"twitter:card\" content=\"summary_large_image\" \/>\n<meta name=\"twitter:label1\" content=\"Gesch\u00e4tzte Lesezeit\" \/>\n\t<meta name=\"twitter:data1\" content=\"1 Minute\" \/>\n<script type=\"application\/ld+json\" class=\"yoast-schema-graph\">{\"@context\":\"https:\/\/schema.org\",\"@graph\":[{\"@type\":\"WebPage\",\"@id\":\"https:\/\/test.chancenkarte.com\/de\/apply-center\/start\/\",\"url\":\"https:\/\/test.chancenkarte.com\/de\/apply-center\/start\/\",\"name\":\"Application Assistant | Chancenkarte\",\"isPartOf\":{\"@id\":\"https:\/\/test.chancenkarte.com\/en\/#website\"},\"datePublished\":\"2024-05-30T22:34:25+00:00\",\"dateModified\":\"2024-09-11T14:01:54+00:00\",\"breadcrumb\":{\"@id\":\"https:\/\/test.chancenkarte.com\/de\/apply-center\/start\/#breadcrumb\"},\"inLanguage\":\"de-DE\",\"potentialAction\":[{\"@type\":\"ReadAction\",\"target\":[\"https:\/\/test.chancenkarte.com\/de\/apply-center\/start\/\"]}]},{\"@type\":\"BreadcrumbList\",\"@id\":\"https:\/\/test.chancenkarte.com\/de\/apply-center\/start\/#breadcrumb\",\"itemListElement\":[{\"@type\":\"ListItem\",\"position\":1,\"name\":\"Startseite\",\"item\":\"https:\/\/test.chancenkarte.com\/de\/\"},{\"@type\":\"ListItem\",\"position\":2,\"name\":\"Application Assistant\",\"item\":\"https:\/\/test.chancenkarte.com\/de\/apply-center\/\"},{\"@type\":\"ListItem\",\"position\":3,\"name\":\"Application Assistant Start\"}]},{\"@type\":\"WebSite\",\"@id\":\"https:\/\/test.chancenkarte.com\/en\/#website\",\"url\":\"https:\/\/test.chancenkarte.com\/en\/\",\"name\":\"Chancenkarte\",\"description\":\"\",\"publisher\":{\"@id\":\"https:\/\/test.chancenkarte.com\/en\/#organization\"},\"potentialAction\":[{\"@type\":\"SearchAction\",\"target\":{\"@type\":\"EntryPoint\",\"urlTemplate\":\"https:\/\/test.chancenkarte.com\/en\/?s={search_term_string}\"},\"query-input\":\"required name=search_term_string\"}],\"inLanguage\":\"de-DE\"},{\"@type\":\"Organization\",\"@id\":\"https:\/\/test.chancenkarte.com\/en\/#organization\",\"name\":\"Chancenkarte\",\"url\":\"https:\/\/test.chancenkarte.com\/en\/\",\"logo\":{\"@type\":\"ImageObject\",\"inLanguage\":\"de-DE\",\"@id\":\"https:\/\/test.chancenkarte.com\/en\/#\/schema\/logo\/image\/\",\"url\":\"https:\/\/test.chancenkarte.com\/wp-content\/uploads\/2023\/08\/Logo-Chancenkarte-large.png\",\"contentUrl\":\"https:\/\/test.chancenkarte.com\/wp-content\/uploads\/2023\/08\/Logo-Chancenkarte-large.png\",\"width\":1400,\"height\":450,\"caption\":\"Chancenkarte\"},\"image\":{\"@id\":\"https:\/\/test.chancenkarte.com\/en\/#\/schema\/logo\/image\/\"}}]}<\/script>\n<!-- \/ Yoast SEO plugin. -->","yoast_head_json":{"title":"Application Assistant | Chancenkarte","robots":{"index":"noindex","follow":"follow","max-snippet":"max-snippet:-1","max-image-preview":"max-image-preview:large","max-video-preview":"max-video-preview:-1"},"og_locale":"de_DE","og_type":"article","og_title":"Application Assistant | Chancenkarte","og_description":"Application Assistant Der beste Ort, um Ihre Bewerbung f\u00fcr die deutsche Chancenkarte zu starten. Beantworten Sie ein paar Fragen und wir erstellen Ihnen Ihren pers\u00f6nlichen Fahrplan zur Chancenkarte &#8211; ganz unverbindlich. Chancenkarte.com ist ein unabh\u00e4ngiges Informationsportal. Unser Ziel ist es, eine Bewerbung f\u00fcr die Chancenkarte und den Start in Deutschland zu erleichtern und Ihnen zu &hellip; Application Assistant Start Mehr lesen >","og_url":"https:\/\/test.chancenkarte.com\/de\/apply-center\/start\/","og_site_name":"Chancenkarte","article_modified_time":"2024-09-11T14:01:54+00:00","twitter_card":"summary_large_image","twitter_misc":{"Gesch\u00e4tzte Lesezeit":"1 Minute"},"schema":{"@context":"https:\/\/schema.org","@graph":[{"@type":"WebPage","@id":"https:\/\/test.chancenkarte.com\/de\/apply-center\/start\/","url":"https:\/\/test.chancenkarte.com\/de\/apply-center\/start\/","name":"Application Assistant | Chancenkarte","isPartOf":{"@id":"https:\/\/test.chancenkarte.com\/en\/#website"},"datePublished":"2024-05-30T22:34:25+00:00","dateModified":"2024-09-11T14:01:54+00:00","breadcrumb":{"@id":"https:\/\/test.chancenkarte.com\/de\/apply-center\/start\/#breadcrumb"},"inLanguage":"de-DE","potentialAction":[{"@type":"ReadAction","target":["https:\/\/test.chancenkarte.com\/de\/apply-center\/start\/"]}]},{"@type":"BreadcrumbList","@id":"https:\/\/test.chancenkarte.com\/de\/apply-center\/start\/#breadcrumb","itemListElement":[{"@type":"ListItem","position":1,"name":"Startseite","item":"https:\/\/test.chancenkarte.com\/de\/"},{"@type":"ListItem","position":2,"name":"Application Assistant","item":"https:\/\/test.chancenkarte.com\/de\/apply-center\/"},{"@type":"ListItem","position":3,"name":"Application Assistant Start"}]},{"@type":"WebSite","@id":"https:\/\/test.chancenkarte.com\/en\/#website","url":"https:\/\/test.chancenkarte.com\/en\/","name":"Chancenkarte","description":"","publisher":{"@id":"https:\/\/test.chancenkarte.com\/en\/#organization"},"potentialAction":[{"@type":"SearchAction","target":{"@type":"EntryPoint","urlTemplate":"https:\/\/test.chancenkarte.com\/en\/?s={search_term_string}"},"query-input":"required name=search_term_string"}],"inLanguage":"de-DE"},{"@type":"Organization","@id":"https:\/\/test.chancenkarte.com\/en\/#organization","name":"Chancenkarte","url":"https:\/\/test.chancenkarte.com\/en\/","logo":{"@type":"ImageObject","inLanguage":"de-DE","@id":"https:\/\/test.chancenkarte.com\/en\/#\/schema\/logo\/image\/","url":"https:\/\/test.chancenkarte.com\/wp-content\/uploads\/2023\/08\/Logo-Chancenkarte-large.png","contentUrl":"https:\/\/test.chancenkarte.com\/wp-content\/uploads\/2023\/08\/Logo-Chancenkarte-large.png","width":1400,"height":450,"caption":"Chancenkarte"},"image":{"@id":"https:\/\/test.chancenkarte.com\/en\/#\/schema\/logo\/image\/"}}]}},"_links":{"self":[{"href":"https:\/\/test.chancenkarte.com\/de\/wp-json\/wp\/v2\/pages\/7304"}],"collection":[{"href":"https:\/\/test.chancenkarte.com\/de\/wp-json\/wp\/v2\/pages"}],"about":[{"href":"https:\/\/test.chancenkarte.com\/de\/wp-json\/wp\/v2\/types\/page"}],"author":[{"embeddable":true,"href":"https:\/\/test.chancenkarte.com\/de\/wp-json\/wp\/v2\/users\/1"}],"replies":[{"embeddable":true,"href":"https:\/\/test.chancenkarte.com\/de\/wp-json\/wp\/v2\/comments?post=7304"}],"version-history":[{"count":22,"href":"https:\/\/test.chancenkarte.com\/de\/wp-json\/wp\/v2\/pages\/7304\/revisions"}],"predecessor-version":[{"id":8320,"href":"https:\/\/test.chancenkarte.com\/de\/wp-json\/wp\/v2\/pages\/7304\/revisions\/8320"}],"up":[{"embeddable":true,"href":"https:\/\/test.chancenkarte.com\/de\/wp-json\/wp\/v2\/pages\/7830"}],"wp:attachment":[{"href":"https:\/\/test.chancenkarte.com\/de\/wp-json\/wp\/v2\/media?parent=7304"}],"curies":[{"name":"wp","href":"https:\/\/api.w.org\/{rel}","templated":true}]}}