{"id":2826,"date":"2023-03-14T13:00:42","date_gmt":"2023-03-14T13:00:42","guid":{"rendered":"https:\/\/chancenkarte.cc\/?page_id=2826"},"modified":"2024-09-16T12:12:58","modified_gmt":"2024-09-16T12:12:58","slug":"sign-up-1","status":"publish","type":"page","link":"https:\/\/test.chancenkarte.com\/de\/sign-up-1\/","title":{"rendered":"Landing Newsletter Sign-up (CK-Check bestanden)"},"content":{"rendered":"\t\t<div data-elementor-type=\"wp-page\" data-elementor-id=\"2826\" class=\"elementor elementor-2826\" data-elementor-post-type=\"page\">\n\t\t\t\t\t\t<section class=\"elementor-section elementor-top-section elementor-element elementor-element-2cca27c7 elementor-section-boxed elementor-section-height-default elementor-section-height-default\" data-id=\"2cca27c7\" data-element_type=\"section\">\n\t\t\t\t\t\t<div class=\"elementor-container elementor-column-gap-default\">\n\t\t\t\t\t<div class=\"elementor-column elementor-col-100 elementor-top-column elementor-element elementor-element-227d4317\" data-id=\"227d4317\" data-element_type=\"column\">\n\t\t\t<div class=\"elementor-widget-wrap elementor-element-populated\">\n\t\t\t\t\t\t<section class=\"elementor-section elementor-inner-section elementor-element elementor-element-d3e3f6b elementor-section-boxed elementor-section-height-default elementor-section-height-default\" data-id=\"d3e3f6b\" data-element_type=\"section\">\n\t\t\t\t\t\t<div class=\"elementor-container elementor-column-gap-default\">\n\t\t\t\t\t<div class=\"elementor-column elementor-col-100 elementor-inner-column elementor-element elementor-element-3ea574f4\" data-id=\"3ea574f4\" data-element_type=\"column\">\n\t\t\t<div class=\"elementor-widget-wrap elementor-element-populated\">\n\t\t\t\t\t\t<div class=\"elementor-element elementor-element-757b4cc elementor-widget elementor-widget-heading\" data-id=\"757b4cc\" data-element_type=\"widget\" data-widget_type=\"heading.default\">\n\t\t\t\t<div class=\"elementor-widget-container\">\n\t\t\t<style>\/*! elementor - v3.21.0 - 22-05-2024 *\/\n.elementor-heading-title{padding:0;margin:0;line-height:1}.elementor-widget-heading .elementor-heading-title[class*=elementor-size-]>a{color:inherit;font-size:inherit;line-height:inherit}.elementor-widget-heading .elementor-heading-title.elementor-size-small{font-size:15px}.elementor-widget-heading .elementor-heading-title.elementor-size-medium{font-size:19px}.elementor-widget-heading .elementor-heading-title.elementor-size-large{font-size:29px}.elementor-widget-heading .elementor-heading-title.elementor-size-xl{font-size:39px}.elementor-widget-heading .elementor-heading-title.elementor-size-xxl{font-size:59px}<\/style><h2 class=\"elementor-heading-title elementor-size-default\">Danke f\u00fcr Ihre Teilnahme!<\/h2>\t\t<\/div>\n\t\t\t\t<\/div>\n\t\t\t\t<div class=\"elementor-element elementor-element-1731a1c elementor-widget elementor-widget-text-editor\" data-id=\"1731a1c\" data-element_type=\"widget\" data-widget_type=\"text-editor.default\">\n\t\t\t\t<div class=\"elementor-widget-container\">\n\t\t\t<style>\/*! elementor - v3.21.0 - 22-05-2024 *\/\n.elementor-widget-text-editor.elementor-drop-cap-view-stacked .elementor-drop-cap{background-color:#69727d;color:#fff}.elementor-widget-text-editor.elementor-drop-cap-view-framed .elementor-drop-cap{color:#69727d;border:3px solid;background-color:transparent}.elementor-widget-text-editor:not(.elementor-drop-cap-view-default) .elementor-drop-cap{margin-top:8px}.elementor-widget-text-editor:not(.elementor-drop-cap-view-default) .elementor-drop-cap-letter{width:1em;height:1em}.elementor-widget-text-editor .elementor-drop-cap{float:left;text-align:center;line-height:1;font-size:50px}.elementor-widget-text-editor .elementor-drop-cap-letter{display:inline-block}<\/style>\t\t\t\t<p>Mit <b>Chancenkarte Jobs!<\/b> entsteht hier bald eine Job-Plattform, die Chancenkarte Kandidaten und Jobs zusammenbringt. Melden Sie sich jetzt an, um zu den Ersten zu geh\u00f6ren, die Zugriff auf die Plattform erhalten.<\/p><p><strong>Early Access zu Chancenkarte Jobs!<\/strong><\/p><p><strong>Finden Sie Jobs oder Kandidaten.<\/strong><\/p><p><strong>Genie\u00dfen Sie spannende Vorteile f\u00fcr erste Nutzer.<\/strong><\/p>\t\t\t\t\t\t<\/div>\n\t\t\t\t<\/div>\n\t\t\t\t<div class=\"elementor-element elementor-element-059039d elementor-widget elementor-widget-html\" data-id=\"059039d\" data-element_type=\"widget\" data-widget_type=\"html.default\">\n\t\t\t\t<div class=\"elementor-widget-container\">\n\t\t\t<iframe data-tally-src=\"https:\/\/tally.so\/embed\/3xyRAv?alignLeft=1&hideTitle=1&transparentBackground=1&dynamicHeight=1\" loading=\"lazy\" width=\"100%\" height=\"200\" frameborder=\"0\" marginheight=\"0\" marginwidth=\"0\" title=\"JobBoard Sign-Up DE\"><\/iframe><script>var d=document,w=\"https:\/\/tally.so\/widgets\/embed.js\",v=function(){\"undefined\"!=typeof Tally?Tally.loadEmbeds():d.querySelectorAll(\"iframe[data-tally-src]:not([src])\").forEach((function(e){e.src=e.dataset.tallySrc}))};if(\"undefined\"!=typeof Tally)v();else if(d.querySelector('script[src=\"'+w+'\"]')==null){var s=d.createElement(\"script\");s.src=w,s.onload=v,s.onerror=v,d.body.appendChild(s);}<\/script>\t\t<\/div>\n\t\t\t\t<\/div>\n\t\t\t\t\t<\/div>\n\t\t<\/div>\n\t\t\t\t\t<\/div>\n\t\t<\/section>\n\t\t\t\t\t<\/div>\n\t\t<\/div>\n\t\t\t\t\t<\/div>\n\t\t<\/section>\n\t\t\t\t<\/div>\n\t\t","protected":false},"excerpt":{"rendered":"<p>Danke f\u00fcr Ihre Teilnahme! Mit Chancenkarte Jobs! entsteht hier bald eine Job-Plattform, die Chancenkarte Kandidaten und Jobs zusammenbringt. Melden Sie sich jetzt an, um zu den Ersten zu geh\u00f6ren, die Zugriff auf die Plattform erhalten. Early Access zu Chancenkarte Jobs! Finden Sie Jobs oder Kandidaten. Genie\u00dfen Sie spannende Vorteile f\u00fcr erste Nutzer.<\/p>\n","protected":false},"author":1,"featured_media":0,"parent":0,"menu_order":0,"comment_status":"closed","ping_status":"closed","template":"","meta":{"site-sidebar-layout":"no-sidebar","site-content-layout":"page-builder","ast-global-header-display":"","ast-main-header-display":"","ast-hfb-above-header-display":"","ast-hfb-below-header-display":"","ast-hfb-mobile-header-display":"","site-post-title":"disabled","ast-breadcrumbs-content":"","ast-featured-img":"disabled","footer-sml-layout":"","theme-transparent-header-meta":"","adv-header-id-meta":"","stick-header-meta":"","header-above-stick-meta":"","header-main-stick-meta":"","header-below-stick-meta":"","footnotes":""},"class_list":["post-2826","page","type-page","status-publish","hentry"],"yoast_head":"<!-- This site is optimized with the Yoast SEO plugin v22.7 - https:\/\/yoast.com\/wordpress\/plugins\/seo\/ -->\n<title>Sign-up Chancenkarten Check | Chancenkarte<\/title>\n<meta name=\"description\" content=\"Chancenkarten Check f\u00fcr Fachkr\u00e4fte. Bei uns erfahren Sie alles Wichtige zum Gesetz und nutzen Sie Ihre Chancen als Erste.\" \/>\n<meta name=\"robots\" content=\"noindex, follow\" \/>\n<meta property=\"og:locale\" content=\"de_DE\" \/>\n<meta property=\"og:type\" content=\"article\" \/>\n<meta property=\"og:title\" content=\"Sign-up Chancenkarten Check | Chancenkarte\" \/>\n<meta property=\"og:description\" content=\"Chancenkarten Check f\u00fcr Fachkr\u00e4fte. Bei uns erfahren Sie alles Wichtige zum Gesetz und nutzen Sie Ihre Chancen als Erste.\" \/>\n<meta property=\"og:url\" content=\"https:\/\/test.chancenkarte.com\/en\/sign-up-1\/\" \/>\n<meta property=\"og:site_name\" content=\"Chancenkarte\" \/>\n<meta property=\"article:modified_time\" content=\"2024-09-16T12:12:58+00:00\" \/>\n<meta name=\"twitter:card\" content=\"summary_large_image\" \/>\n<meta name=\"twitter:label1\" content=\"Gesch\u00e4tzte Lesezeit\" \/>\n\t<meta name=\"twitter:data1\" content=\"1 Minute\" \/>\n<script type=\"application\/ld+json\" class=\"yoast-schema-graph\">{\"@context\":\"https:\/\/schema.org\",\"@graph\":[{\"@type\":\"WebPage\",\"@id\":\"https:\/\/test.chancenkarte.com\/en\/sign-up-1\/\",\"url\":\"https:\/\/test.chancenkarte.com\/en\/sign-up-1\/\",\"name\":\"Sign-up Chancenkarten Check | Chancenkarte\",\"isPartOf\":{\"@id\":\"https:\/\/test.chancenkarte.com\/en\/#website\"},\"datePublished\":\"2023-03-14T13:00:42+00:00\",\"dateModified\":\"2024-09-16T12:12:58+00:00\",\"description\":\"Chancenkarten Check f\u00fcr Fachkr\u00e4fte. Bei uns erfahren Sie alles Wichtige zum Gesetz und nutzen Sie Ihre Chancen als Erste.\",\"breadcrumb\":{\"@id\":\"https:\/\/test.chancenkarte.com\/en\/sign-up-1\/#breadcrumb\"},\"inLanguage\":\"de-DE\",\"potentialAction\":[{\"@type\":\"ReadAction\",\"target\":[\"https:\/\/test.chancenkarte.com\/en\/sign-up-1\/\"]}]},{\"@type\":\"BreadcrumbList\",\"@id\":\"https:\/\/test.chancenkarte.com\/en\/sign-up-1\/#breadcrumb\",\"itemListElement\":[{\"@type\":\"ListItem\",\"position\":1,\"name\":\"Startseite\",\"item\":\"https:\/\/test.chancenkarte.com\/de\/\"},{\"@type\":\"ListItem\",\"position\":2,\"name\":\"Landing Newsletter Sign-up (CK-Check bestanden)\"}]},{\"@type\":\"WebSite\",\"@id\":\"https:\/\/test.chancenkarte.com\/en\/#website\",\"url\":\"https:\/\/test.chancenkarte.com\/en\/\",\"name\":\"Chancenkarte\",\"description\":\"\",\"publisher\":{\"@id\":\"https:\/\/test.chancenkarte.com\/en\/#organization\"},\"potentialAction\":[{\"@type\":\"SearchAction\",\"target\":{\"@type\":\"EntryPoint\",\"urlTemplate\":\"https:\/\/test.chancenkarte.com\/en\/?s={search_term_string}\"},\"query-input\":\"required name=search_term_string\"}],\"inLanguage\":\"de-DE\"},{\"@type\":\"Organization\",\"@id\":\"https:\/\/test.chancenkarte.com\/en\/#organization\",\"name\":\"Chancenkarte\",\"url\":\"https:\/\/test.chancenkarte.com\/en\/\",\"logo\":{\"@type\":\"ImageObject\",\"inLanguage\":\"de-DE\",\"@id\":\"https:\/\/test.chancenkarte.com\/en\/#\/schema\/logo\/image\/\",\"url\":\"https:\/\/test.chancenkarte.com\/wp-content\/uploads\/2023\/08\/Logo-Chancenkarte-large.png\",\"contentUrl\":\"https:\/\/test.chancenkarte.com\/wp-content\/uploads\/2023\/08\/Logo-Chancenkarte-large.png\",\"width\":1400,\"height\":450,\"caption\":\"Chancenkarte\"},\"image\":{\"@id\":\"https:\/\/test.chancenkarte.com\/en\/#\/schema\/logo\/image\/\"}}]}<\/script>\n<!-- \/ Yoast SEO plugin. -->","yoast_head_json":{"title":"Sign-up Chancenkarten Check | Chancenkarte","description":"Chancenkarten Check f\u00fcr Fachkr\u00e4fte. Bei uns erfahren Sie alles Wichtige zum Gesetz und nutzen Sie Ihre Chancen als Erste.","robots":{"index":"noindex","follow":"follow"},"og_locale":"de_DE","og_type":"article","og_title":"Sign-up Chancenkarten Check | Chancenkarte","og_description":"Chancenkarten Check f\u00fcr Fachkr\u00e4fte. Bei uns erfahren Sie alles Wichtige zum Gesetz und nutzen Sie Ihre Chancen als Erste.","og_url":"https:\/\/test.chancenkarte.com\/en\/sign-up-1\/","og_site_name":"Chancenkarte","article_modified_time":"2024-09-16T12:12:58+00:00","twitter_card":"summary_large_image","twitter_misc":{"Gesch\u00e4tzte Lesezeit":"1 Minute"},"schema":{"@context":"https:\/\/schema.org","@graph":[{"@type":"WebPage","@id":"https:\/\/test.chancenkarte.com\/en\/sign-up-1\/","url":"https:\/\/test.chancenkarte.com\/en\/sign-up-1\/","name":"Sign-up Chancenkarten Check | Chancenkarte","isPartOf":{"@id":"https:\/\/test.chancenkarte.com\/en\/#website"},"datePublished":"2023-03-14T13:00:42+00:00","dateModified":"2024-09-16T12:12:58+00:00","description":"Chancenkarten Check f\u00fcr Fachkr\u00e4fte. Bei uns erfahren Sie alles Wichtige zum Gesetz und nutzen Sie Ihre Chancen als Erste.","breadcrumb":{"@id":"https:\/\/test.chancenkarte.com\/en\/sign-up-1\/#breadcrumb"},"inLanguage":"de-DE","potentialAction":[{"@type":"ReadAction","target":["https:\/\/test.chancenkarte.com\/en\/sign-up-1\/"]}]},{"@type":"BreadcrumbList","@id":"https:\/\/test.chancenkarte.com\/en\/sign-up-1\/#breadcrumb","itemListElement":[{"@type":"ListItem","position":1,"name":"Startseite","item":"https:\/\/test.chancenkarte.com\/de\/"},{"@type":"ListItem","position":2,"name":"Landing Newsletter Sign-up (CK-Check bestanden)"}]},{"@type":"WebSite","@id":"https:\/\/test.chancenkarte.com\/en\/#website","url":"https:\/\/test.chancenkarte.com\/en\/","name":"Chancenkarte","description":"","publisher":{"@id":"https:\/\/test.chancenkarte.com\/en\/#organization"},"potentialAction":[{"@type":"SearchAction","target":{"@type":"EntryPoint","urlTemplate":"https:\/\/test.chancenkarte.com\/en\/?s={search_term_string}"},"query-input":"required name=search_term_string"}],"inLanguage":"de-DE"},{"@type":"Organization","@id":"https:\/\/test.chancenkarte.com\/en\/#organization","name":"Chancenkarte","url":"https:\/\/test.chancenkarte.com\/en\/","logo":{"@type":"ImageObject","inLanguage":"de-DE","@id":"https:\/\/test.chancenkarte.com\/en\/#\/schema\/logo\/image\/","url":"https:\/\/test.chancenkarte.com\/wp-content\/uploads\/2023\/08\/Logo-Chancenkarte-large.png","contentUrl":"https:\/\/test.chancenkarte.com\/wp-content\/uploads\/2023\/08\/Logo-Chancenkarte-large.png","width":1400,"height":450,"caption":"Chancenkarte"},"image":{"@id":"https:\/\/test.chancenkarte.com\/en\/#\/schema\/logo\/image\/"}}]}},"_links":{"self":[{"href":"https:\/\/test.chancenkarte.com\/de\/wp-json\/wp\/v2\/pages\/2826"}],"collection":[{"href":"https:\/\/test.chancenkarte.com\/de\/wp-json\/wp\/v2\/pages"}],"about":[{"href":"https:\/\/test.chancenkarte.com\/de\/wp-json\/wp\/v2\/types\/page"}],"author":[{"embeddable":true,"href":"https:\/\/test.chancenkarte.com\/de\/wp-json\/wp\/v2\/users\/1"}],"replies":[{"embeddable":true,"href":"https:\/\/test.chancenkarte.com\/de\/wp-json\/wp\/v2\/comments?post=2826"}],"version-history":[{"count":40,"href":"https:\/\/test.chancenkarte.com\/de\/wp-json\/wp\/v2\/pages\/2826\/revisions"}],"predecessor-version":[{"id":8640,"href":"https:\/\/test.chancenkarte.com\/de\/wp-json\/wp\/v2\/pages\/2826\/revisions\/8640"}],"wp:attachment":[{"href":"https:\/\/test.chancenkarte.com\/de\/wp-json\/wp\/v2\/media?parent=2826"}],"curies":[{"name":"wp","href":"https:\/\/api.w.org\/{rel}","templated":true}]}}